{"id":5856,"date":"2025-01-29T16:08:31","date_gmt":"2025-01-29T16:08:31","guid":{"rendered":"https:\/\/grupea.com.do\/?page_id=5856"},"modified":"2025-12-18T12:46:35","modified_gmt":"2025-12-18T12:46:35","slug":"contact-us","status":"publish","type":"page","link":"https:\/\/grupea.com.do\/es\/contact-us\/","title":{"rendered":"Cont\u00e1ctenos"},"content":{"rendered":"<div data-elementor-type=\"wp-page\" data-elementor-id=\"5856\" class=\"elementor elementor-5856\" data-elementor-post-type=\"page\">\n\t\t\t\t<div class=\"elementor-element elementor-element-26d368d e-con-full e-flex e-con e-parent\" data-id=\"26d368d\" data-element_type=\"container\">\n\t\t\t\t<div class=\"elementor-element elementor-element-5b7dc04 elementor-widget elementor-widget-image\" data-id=\"5b7dc04\" data-element_type=\"widget\" data-widget_type=\"image.default\">\n\t\t\t\t<div class=\"elementor-widget-container\">\n\t\t\t\t\t\t\t\t\t\t\t\t\t\t\t<img fetchpriority=\"high\" decoding=\"async\" width=\"1920\" height=\"707\" src=\"https:\/\/grupea.com.do\/wp-content\/uploads\/2025\/11\/Your-paragraph-text-e1764366076812.jpg\" class=\"attachment-full size-full wp-image-7243\" alt=\"\" srcset=\"https:\/\/grupea.com.do\/wp-content\/uploads\/2025\/11\/Your-paragraph-text-e1764366076812.jpg 1920w, https:\/\/grupea.com.do\/wp-content\/uploads\/2025\/11\/Your-paragraph-text-e1764366076812-300x110.jpg 300w, https:\/\/grupea.com.do\/wp-content\/uploads\/2025\/11\/Your-paragraph-text-e1764366076812-1024x377.jpg 1024w, https:\/\/grupea.com.do\/wp-content\/uploads\/2025\/11\/Your-paragraph-text-e1764366076812-768x283.jpg 768w, https:\/\/grupea.com.do\/wp-content\/uploads\/2025\/11\/Your-paragraph-text-e1764366076812-1536x566.jpg 1536w\" sizes=\"(max-width: 1920px) 100vw, 1920px\" \/>\t\t\t\t\t\t\t\t\t\t\t\t\t\t\t<\/div>\n\t\t\t\t<\/div>\n\t\t\t\t<\/div>\n\t\t\t\t<section class=\"elementor-section elementor-top-section elementor-element elementor-element-353d060 qodef-elementor-content-grid elementor-section-boxed elementor-section-height-default elementor-section-height-default\" data-id=\"353d060\" data-element_type=\"section\">\n\t\t\t\t\t\t<div class=\"elementor-container elementor-column-gap-custom\">\n\t\t\t\t\t<div class=\"elementor-column elementor-col-50 elementor-top-column elementor-element elementor-element-6a6e7d6\" data-id=\"6a6e7d6\" data-element_type=\"column\">\n\t\t\t<div class=\"elementor-widget-wrap elementor-element-populated\">\n\t\t\t\t\t\t<div class=\"elementor-element elementor-element-2d0084e elementor-widget__width-initial elementor-widget elementor-widget-fokkner_core_section_title\" data-id=\"2d0084e\" data-element_type=\"widget\" data-widget_type=\"fokkner_core_section_title.default\">\n\t\t\t\t<div class=\"elementor-widget-container\">\n\t\t\t\t\t<div class=\"qodef-shortcode qodef-m  qodef-section-title qodef-alignment--left\">\n\t\t<h3 class=\"qodef-m-title\" >\n\t\t\t\t\tCont\u00e1ctanos<br \/> para m\u00e1s informaci\u00f3n\t\t\t<\/h3>\n\t\t\t<p class=\"qodef-m-text\" style=\"margin-top: -6px\">Dise\u00f1amos y desarrollamos proyectos inmobiliarios con visi\u00f3n y prop\u00f3sito. \u00bfQu\u00e9 esperas? .\n\n<\/p>\n<\/div>\n\t\t\t\t<\/div>\n\t\t\t\t<\/div>\n\t\t\t\t<section class=\"elementor-section elementor-inner-section elementor-element elementor-element-937c7da elementor-section-full_width elementor-section-height-default elementor-section-height-default qodef-elementor-content-no\" data-id=\"937c7da\" data-element_type=\"section\">\n\t\t\t\t\t\t<div class=\"elementor-container elementor-column-gap-default\">\n\t\t\t\t\t<div class=\"elementor-column elementor-col-50 elementor-inner-column elementor-element elementor-element-5ef68bc\" data-id=\"5ef68bc\" data-element_type=\"column\">\n\t\t\t<div class=\"elementor-widget-wrap elementor-element-populated\">\n\t\t\t\t\t\t<div class=\"elementor-element elementor-element-5712253 elementor-widget elementor-widget-text-editor\" data-id=\"5712253\" data-element_type=\"widget\" data-widget_type=\"text-editor.default\">\n\t\t\t\t<div class=\"elementor-widget-container\">\n\t\t\t\t\t\t\t\t\t<h5>Santo Domingo<\/h5>\t\t\t\t\t\t\t\t<\/div>\n\t\t\t\t<\/div>\n\t\t\t\t<div class=\"elementor-element elementor-element-290c724 elementor-widget elementor-widget-fokkner_core_icon_with_text\" data-id=\"290c724\" data-element_type=\"widget\" data-widget_type=\"fokkner_core_icon_with_text.default\">\n\t\t\t\t<div class=\"elementor-widget-container\">\n\t\t\t\t\t<div class=\"qodef-shortcode qodef-m  qodef-icon-with-text qodef-layout--before-content qodef--icon-pack\">\n\t<div class=\"qodef-m-icon-wrapper\">\n\t\t<span class=\"qodef-shortcode qodef-m  qodef-icon-holder qodef-size--default qodef-layout--normal\"  >\t\t\t<a itemprop=\"url\" href=\"tel:12345678912300\" target=\"_self\">\t\t\t<span class=\"qodef-icon-linear-icons lnr-phone-handset lnr qodef-icon qodef-e\" style=\"font-size: 15px\" ><\/span>\t\t\t<\/a>\t<\/span>\t<\/div>\n\t<div class=\"qodef-m-content\">\n\t\t\t<p class=\"qodef-m-title\" style=\"margin-top: -3px\">\n\t\t\t\t\t<a itemprop=\"url\" href=\"tel:12345678912300\" target=\"_self\">\n\t\t\t\t\t<span class=\"qodef-m-title-text\">809 565 3080<\/span>\n\t\t\t\t\t<\/a>\n\t\t\t<\/p>\n\t\t\t<\/div>\n<\/div>\n\t\t\t\t<\/div>\n\t\t\t\t<\/div>\n\t\t\t\t<div class=\"elementor-element elementor-element-be7f178 elementor-widget elementor-widget-fokkner_core_icon_with_text\" data-id=\"be7f178\" data-element_type=\"widget\" data-widget_type=\"fokkner_core_icon_with_text.default\">\n\t\t\t\t<div class=\"elementor-widget-container\">\n\t\t\t\t\t<div class=\"qodef-shortcode qodef-m  qodef-icon-with-text qodef-layout--before-content qodef--icon-pack\">\n\t<div class=\"qodef-m-icon-wrapper\">\n\t\t<span class=\"qodef-shortcode qodef-m  qodef-icon-holder qodef-size--default qodef-layout--normal\"  >\t\t\t<a itemprop=\"url\" href=\"https:\/\/www.google.com\/maps\/search\/Interior+A+Santo+Domingo\/@18.463534,-69.959661,13z?hl=en-US&#038;entry=ttu&#038;g_ep=EgoyMDI1MDUwNi4wIKXMDSoASAFQAw%3D%3D\" target=\"_blank\">\t\t\t<span class=\"qodef-icon-linear-icons lnr-map-marker lnr qodef-icon qodef-e\" style=\"font-size: 15px\" ><\/span>\t\t\t<\/a>\t<\/span>\t<\/div>\n\t<div class=\"qodef-m-content\">\n\t\t\t<p class=\"qodef-m-title\" style=\"margin-top: -3px\">\n\t\t\t\t\t<a itemprop=\"url\" href=\"https:\/\/www.google.com\/maps\/search\/Interior+A+Santo+Domingo\/@18.463534,-69.959661,13z?hl=en-US&#038;entry=ttu&#038;g_ep=EgoyMDI1MDUwNi4wIKXMDSoASAFQAw%3D%3D\" target=\"_blank\">\n\t\t\t\t\t<span class=\"qodef-m-title-text\">Calle Interior A #6 Sector El Mill\u00f3n Santo Domingo (Distrito Nacional)<\/span>\n\t\t\t\t\t<\/a>\n\t\t\t<\/p>\n\t\t\t<\/div>\n<\/div>\n\t\t\t\t<\/div>\n\t\t\t\t<\/div>\n\t\t\t\t<div class=\"elementor-element elementor-element-f61efec elementor-widget elementor-widget-fokkner_core_icon_with_text\" data-id=\"f61efec\" data-element_type=\"widget\" data-widget_type=\"fokkner_core_icon_with_text.default\">\n\t\t\t\t<div class=\"elementor-widget-container\">\n\t\t\t\t\t<div class=\"qodef-shortcode qodef-m  qodef-icon-with-text qodef-layout--before-content qodef--icon-pack\">\n\t<div class=\"qodef-m-icon-wrapper\">\n\t\t<span class=\"qodef-shortcode qodef-m  qodef-icon-holder qodef-size--default qodef-layout--normal\"  >\t\t\t<a itemprop=\"url\" href=\"\" target=\"_self\">\t\t\t<span class=\"qodef-icon-linear-icons lnr-bubble lnr qodef-icon qodef-e\" style=\"font-size: 15px\" ><\/span>\t\t\t<\/a>\t<\/span>\t<\/div>\n\t<div class=\"qodef-m-content\">\n\t\t\t<p class=\"qodef-m-title\" style=\"margin-top: -3px\">\n\t\t\t\t\t<a itemprop=\"url\" href=\"\" target=\"_self\">\n\t\t\t\t\t<span class=\"qodef-m-title-text\">info@grupea.com.do<\/span>\n\t\t\t\t\t<\/a>\n\t\t\t<\/p>\n\t\t\t<\/div>\n<\/div>\n\t\t\t\t<\/div>\n\t\t\t\t<\/div>\n\t\t\t\t\t<\/div>\n\t\t<\/div>\n\t\t\t\t<div class=\"elementor-column elementor-col-50 elementor-inner-column elementor-element elementor-element-1466018\" data-id=\"1466018\" data-element_type=\"column\">\n\t\t\t<div class=\"elementor-widget-wrap elementor-element-populated\">\n\t\t\t\t\t\t<div class=\"elementor-element elementor-element-892f4a1 elementor-widget elementor-widget-text-editor\" data-id=\"892f4a1\" data-element_type=\"widget\" data-widget_type=\"text-editor.default\">\n\t\t\t\t<div class=\"elementor-widget-container\">\n\t\t\t\t\t\t\t\t\t<h5>Bayah\u00edbe<\/h5>\t\t\t\t\t\t\t\t<\/div>\n\t\t\t\t<\/div>\n\t\t\t\t<div class=\"elementor-element elementor-element-eba10a8 elementor-widget elementor-widget-fokkner_core_icon_with_text\" data-id=\"eba10a8\" data-element_type=\"widget\" data-widget_type=\"fokkner_core_icon_with_text.default\">\n\t\t\t\t<div class=\"elementor-widget-container\">\n\t\t\t\t\t<div class=\"qodef-shortcode qodef-m  qodef-icon-with-text qodef-layout--before-content qodef--icon-pack\">\n\t<div class=\"qodef-m-icon-wrapper\">\n\t\t<span class=\"qodef-shortcode qodef-m  qodef-icon-holder qodef-size--default qodef-layout--normal\"  >\t\t\t<a itemprop=\"url\" href=\"tel:809%20718%202873\" target=\"_self\">\t\t\t<span class=\"qodef-icon-linear-icons lnr-phone-handset lnr qodef-icon qodef-e\" style=\"font-size: 15px\" ><\/span>\t\t\t<\/a>\t<\/span>\t<\/div>\n\t<div class=\"qodef-m-content\">\n\t\t\t<p class=\"qodef-m-title\" style=\"margin-top: -3px\">\n\t\t\t\t\t<a itemprop=\"url\" href=\"tel:809%20718%202873\" target=\"_self\">\n\t\t\t\t\t<span class=\"qodef-m-title-text\">(809) 565-3080<\/span>\n\t\t\t\t\t<\/a>\n\t\t\t<\/p>\n\t\t\t<\/div>\n<\/div>\n\t\t\t\t<\/div>\n\t\t\t\t<\/div>\n\t\t\t\t<div class=\"elementor-element elementor-element-88941fb elementor-widget elementor-widget-fokkner_core_icon_with_text\" data-id=\"88941fb\" data-element_type=\"widget\" data-widget_type=\"fokkner_core_icon_with_text.default\">\n\t\t\t\t<div class=\"elementor-widget-container\">\n\t\t\t\t\t<div class=\"qodef-shortcode qodef-m  qodef-icon-with-text qodef-layout--before-content qodef--icon-pack\">\n\t<div class=\"qodef-m-icon-wrapper\">\n\t\t<span class=\"qodef-shortcode qodef-m  qodef-icon-holder qodef-size--default qodef-layout--normal\"  >\t\t\t<a itemprop=\"url\" href=\"https:\/\/www.google.com\/maps\/search\/Avenida+La+Laguna+%2310+\/@18.3518511,-68.8297043,17z\/data=!3m1!4b1?entry=ttu&#038;g_ep=EgoyMDI1MDUwNi4wIKXMDSoASAFQAw%3D%3D\" target=\"_blank\">\t\t\t<span class=\"qodef-icon-linear-icons lnr-map-marker lnr qodef-icon qodef-e\" style=\"font-size: 15px\" ><\/span>\t\t\t<\/a>\t<\/span>\t<\/div>\n\t<div class=\"qodef-m-content\">\n\t\t\t<p class=\"qodef-m-title\" style=\"margin-top: -3px\">\n\t\t\t\t\t<a itemprop=\"url\" href=\"https:\/\/www.google.com\/maps\/search\/Avenida+La+Laguna+%2310+\/@18.3518511,-68.8297043,17z\/data=!3m1!4b1?entry=ttu&#038;g_ep=EgoyMDI1MDUwNi4wIKXMDSoASAFQAw%3D%3D\" target=\"_blank\">\n\t\t\t\t\t<span class=\"qodef-m-title-text\">Plaza Tinelli Avenida La Laguna #10 Dominicus Americanus (Bayahibe)<\/span>\n\t\t\t\t\t<\/a>\n\t\t\t<\/p>\n\t\t\t<\/div>\n<\/div>\n\t\t\t\t<\/div>\n\t\t\t\t<\/div>\n\t\t\t\t<div class=\"elementor-element elementor-element-102b26e elementor-widget elementor-widget-fokkner_core_icon_with_text\" data-id=\"102b26e\" data-element_type=\"widget\" data-widget_type=\"fokkner_core_icon_with_text.default\">\n\t\t\t\t<div class=\"elementor-widget-container\">\n\t\t\t\t\t<div class=\"qodef-shortcode qodef-m  qodef-icon-with-text qodef-layout--before-content qodef--icon-pack\">\n\t<div class=\"qodef-m-icon-wrapper\">\n\t\t<span class=\"qodef-shortcode qodef-m  qodef-icon-holder qodef-size--default qodef-layout--normal\"  >\t\t\t<a itemprop=\"url\" href=\"\" target=\"_self\">\t\t\t<span class=\"qodef-icon-linear-icons lnr-bubble lnr qodef-icon qodef-e\" style=\"font-size: 15px\" ><\/span>\t\t\t<\/a>\t<\/span>\t<\/div>\n\t<div class=\"qodef-m-content\">\n\t\t\t<p class=\"qodef-m-title\" style=\"margin-top: -3px\">\n\t\t\t\t\t<a itemprop=\"url\" href=\"\" target=\"_self\">\n\t\t\t\t\t<span class=\"qodef-m-title-text\">info@grupea.com.do<\/span>\n\t\t\t\t\t<\/a>\n\t\t\t<\/p>\n\t\t\t<\/div>\n<\/div>\n\t\t\t\t<\/div>\n\t\t\t\t<\/div>\n\t\t\t\t\t<\/div>\n\t\t<\/div>\n\t\t\t\t\t<\/div>\n\t\t<\/section>\n\t\t\t\t<div class=\"elementor-element elementor-element-26f5371 elementor-widget elementor-widget-wp-widget-fokkner_core_social_icons_group\" data-id=\"26f5371\" data-element_type=\"widget\" data-widget_type=\"wp-widget-fokkner_core_social_icons_group.default\">\n\t\t\t\t<div class=\"elementor-widget-container\">\n\t\t\t\t\t\t\t\t<div class=\"qodef-social-icons-group\">\n\t\t\t\t<span class=\"qodef-shortcode qodef-m  qodef-icon-holder  qodef-layout--normal\"  style=\"margin: 0px 37px 0px 0px\">\n\t\t\t<a itemprop=\"url\" href=\"http:\/\/www.facebook.com\/QodeInteractive\" target=\"_blank\">\n\t\t\t<span class=\"qodef-icon-font-awesome fab fa-facebook-f qodef-icon qodef-e\" style=\"\" ><\/span>\t\t\t<\/a>\n\t<\/span>\n<span class=\"qodef-shortcode qodef-m  qodef-icon-holder  qodef-layout--normal\"  style=\"margin: 0px 37px 0px 0px\">\n\t\t\t<a itemprop=\"url\" href=\"http:\/\/www.instagram.com\/qodeinteractive\" target=\"_blank\">\n\t\t\t<span class=\"qodef-icon-font-awesome fab fa-instagram qodef-icon qodef-e\" style=\"\" ><\/span>\t\t\t<\/a>\n\t<\/span>\n<span class=\"qodef-shortcode qodef-m  qodef-icon-holder  qodef-layout--normal\"  >\n\t\t\t<a itemprop=\"url\" href=\"http:\/\/www.twitter.com\/QodeInteractive\" target=\"_blank\">\n\t\t\t<span class=\"qodef-icon-font-awesome fab fa-twitter qodef-icon qodef-e\" style=\"\" ><\/span>\t\t\t<\/a>\n\t<\/span>\n\t\t\t<\/div>\n\t\t\t\t\t\t\t<\/div>\n\t\t\t\t<\/div>\n\t\t\t\t\t<\/div>\n\t\t<\/div>\n\t\t\t\t<div class=\"elementor-column elementor-col-50 elementor-top-column elementor-element elementor-element-952f4e0\" data-id=\"952f4e0\" data-element_type=\"column\">\n\t\t\t<div class=\"elementor-widget-wrap elementor-element-populated\">\n\t\t\t\t\t\t<div class=\"elementor-element elementor-element-31e4470 elementor-widget__width-initial elementor-widget elementor-widget-wp-widget-fokkner_core_contact_form_7\" data-id=\"31e4470\" data-element_type=\"widget\" data-widget_type=\"wp-widget-fokkner_core_contact_form_7.default\">\n\t\t\t\t<div class=\"elementor-widget-container\">\n\t\t\t\t\t\t\t\t<div class=\"qodef-contact-form-7\">\n\t\t\t\t\n<div class=\"wpcf7 no-js\" id=\"wpcf7-f5560-o1\" lang=\"en-US\" dir=\"ltr\" data-wpcf7-id=\"5560\">\n<div class=\"screen-reader-response\"><p role=\"status\" aria-live=\"polite\" aria-atomic=\"true\"><\/p> <ul><\/ul><\/div>\n<form action=\"\/es\/wp-json\/wp\/v2\/pages\/5856#wpcf7-f5560-o1\" method=\"post\" class=\"wpcf7-form init\" aria-label=\"Contact form\" novalidate=\"novalidate\" data-status=\"init\" data-trp-original-action=\"\/es\/wp-json\/wp\/v2\/pages\/5856#wpcf7-f5560-o1\">\n<div style=\"display: none;\">\n<input type=\"hidden\" name=\"_wpcf7\" value=\"5560\" \/>\n<input type=\"hidden\" name=\"_wpcf7_version\" value=\"6.0.6\" \/>\n<input type=\"hidden\" name=\"_wpcf7_locale\" value=\"en_US\" \/>\n<input type=\"hidden\" name=\"_wpcf7_unit_tag\" value=\"wpcf7-f5560-o1\" \/>\n<input type=\"hidden\" name=\"_wpcf7_container_post\" value=\"0\" \/>\n<input type=\"hidden\" name=\"_wpcf7_posted_data_hash\" value=\"\" \/>\n<\/div>\n<label> Su nombre\n    <span class=\"wpcf7-form-control-wrap\" data-name=\"your-name\"><input size=\"40\" maxlength=\"400\" class=\"wpcf7-form-control wpcf7-text wpcf7-validates-as-required\" autocomplete=\"name\" aria-required=\"true\" aria-invalid=\"false\" value=\"\" type=\"text\" name=\"your-name\" \/><\/span> <\/label>\n\n<label> Tu correo electr\u00f3nico\n    <span class=\"wpcf7-form-control-wrap\" data-name=\"your-email\"><input size=\"40\" maxlength=\"400\" class=\"wpcf7-form-control wpcf7-email wpcf7-validates-as-required wpcf7-text wpcf7-validates-as-email\" autocomplete=\"email\" aria-required=\"true\" aria-invalid=\"false\" value=\"\" type=\"email\" name=\"your-email\" \/><\/span> <\/label>\n\n<label> Tel\u00e9fono\n    <span class=\"wpcf7-form-control-wrap\" data-name=\"your-phone\"><input class=\"wpcf7-form-control wpcf7-number wpcf7-validates-as-required wpcf7-validates-as-number\" aria-required=\"true\" aria-invalid=\"false\" value=\"\" type=\"number\" name=\"your-phone\" \/><\/span> <\/label>\n\n<label> Tu mensaje (opcional)\n    <span class=\"wpcf7-form-control-wrap\" data-name=\"your-message\"><textarea cols=\"40\" rows=\"10\" maxlength=\"2000\" class=\"wpcf7-form-control wpcf7-textarea\" aria-invalid=\"false\" name=\"your-message\"><\/textarea><\/span> <\/label>\n\n<button class=\"wpcf7-form-control wpcf7-submit qodef-button qodef-size--normal qodef-layout--outlined qodef-m\" type=\"submit\"><span class=\"qodef-m-text\">Enviar<\/span><\/button><div class=\"wpcf7-response-output\" aria-hidden=\"true\"><\/div>\n<input type=\"hidden\" name=\"trp-form-language\" value=\"es\"\/><\/form>\n<\/div>\n\t\t\t<\/div>\n\t\t\t\t\t\t\t<\/div>\n\t\t\t\t<\/div>\n\t\t\t\t\t<\/div>\n\t\t<\/div>\n\t\t\t\t\t<\/div>\n\t\t<\/section>\n\t\t<div class=\"elementor-element elementor-element-2b93397 e-grid e-con-boxed e-con e-parent\" data-id=\"2b93397\" data-element_type=\"container\">\n\t\t\t\t\t<div class=\"e-con-inner\">\n\t\t\t\t<div class=\"elementor-element elementor-element-4a10894 elementor-widget elementor-widget-google_maps\" data-id=\"4a10894\" data-element_type=\"widget\" data-widget_type=\"google_maps.default\">\n\t\t\t\t<div class=\"elementor-widget-container\">\n\t\t\t\t\t\t\t<div class=\"elementor-custom-embed\">\n\t\t\t<iframe loading=\"lazy\"\n\t\t\t\t\tsrc=\"https:\/\/maps.google.com\/maps?q=interior%20a%20%236&#038;t=m&#038;z=13&#038;output=embed&#038;iwloc=near\"\n\t\t\t\t\ttitle=\"Interior de un #6\"\n\t\t\t\t\taria-label=\"Interior de un #6\"\n\t\t\t><\/iframe>\n\t\t<\/div>\n\t\t\t\t\t\t<\/div>\n\t\t\t\t<\/div>\n\t\t\t\t<div class=\"elementor-element elementor-element-e82a85c elementor-widget elementor-widget-google_maps\" data-id=\"e82a85c\" data-element_type=\"widget\" data-widget_type=\"google_maps.default\">\n\t\t\t\t<div class=\"elementor-widget-container\">\n\t\t\t\t\t\t\t<div class=\"elementor-custom-embed\">\n\t\t\t<iframe loading=\"lazy\"\n\t\t\t\t\tsrc=\"https:\/\/maps.google.com\/maps?q=BAYAC%C3%9A%20VILLAGE&#038;t=m&#038;z=14&#038;output=embed&#038;iwloc=near\"\n\t\t\t\t\ttitle=\"PUEBLO DE BAYAC\u00da\"\n\t\t\t\t\taria-label=\"PUEBLO DE BAYAC\u00da\"\n\t\t\t><\/iframe>\n\t\t<\/div>\n\t\t\t\t\t\t<\/div>\n\t\t\t\t<\/div>\n\t\t\t\t\t<\/div>\n\t\t\t\t<\/div>\n\t\t\t\t<\/div>","protected":false},"excerpt":{"rendered":"<p>Contact us for more info We design and develop real estate projects with vision and purpose. Let\u2019s connect. Santo Domingo 809 565 3080 Calle Interior A #6 Sector El Mill\u00f3n Santo Domingo (National District) info@grupea.com.do Bayahibe (809) 565-3080 Plaza Tinelli Avenida La Laguna #10 Dominicus Americanus (Bayahibe) info@grupea.com.do<\/p>","protected":false},"author":1,"featured_media":0,"parent":0,"menu_order":0,"comment_status":"closed","ping_status":"closed","template":"page-full-width.php","meta":{"footnotes":""},"class_list":["post-5856","page","type-page","status-publish","hentry"],"_links":{"self":[{"href":"https:\/\/grupea.com.do\/es\/wp-json\/wp\/v2\/pages\/5856","targetHints":{"allow":["GET"]}}],"collection":[{"href":"https:\/\/grupea.com.do\/es\/wp-json\/wp\/v2\/pages"}],"about":[{"href":"https:\/\/grupea.com.do\/es\/wp-json\/wp\/v2\/types\/page"}],"author":[{"embeddable":true,"href":"https:\/\/grupea.com.do\/es\/wp-json\/wp\/v2\/users\/1"}],"replies":[{"embeddable":true,"href":"https:\/\/grupea.com.do\/es\/wp-json\/wp\/v2\/comments?post=5856"}],"version-history":[{"count":110,"href":"https:\/\/grupea.com.do\/es\/wp-json\/wp\/v2\/pages\/5856\/revisions"}],"predecessor-version":[{"id":7386,"href":"https:\/\/grupea.com.do\/es\/wp-json\/wp\/v2\/pages\/5856\/revisions\/7386"}],"wp:attachment":[{"href":"https:\/\/grupea.com.do\/es\/wp-json\/wp\/v2\/media?parent=5856"}],"curies":[{"name":"wp","href":"https:\/\/api.w.org\/{rel}","templated":true}]}}