{"id":5814,"date":"2025-01-29T15:55:54","date_gmt":"2025-01-29T15:55:54","guid":{"rendered":"https:\/\/grupea.com.do\/?page_id=5814"},"modified":"2026-02-19T16:00:01","modified_gmt":"2026-02-19T16:00:01","slug":"services","status":"publish","type":"page","link":"https:\/\/grupea.com.do\/es\/services\/","title":{"rendered":"Servicios"},"content":{"rendered":"<div data-elementor-type=\"wp-page\" data-elementor-id=\"5814\" class=\"elementor elementor-5814\" data-elementor-post-type=\"page\">\n\t\t\t\t\t\t<section class=\"elementor-section elementor-top-section elementor-element elementor-element-c83eabb elementor-section-full_width elementor-section-height-default elementor-section-height-default qodef-elementor-content-no\" data-id=\"c83eabb\" data-element_type=\"section\" data-settings=\"{&quot;background_background&quot;:&quot;slideshow&quot;,&quot;background_slideshow_gallery&quot;:[],&quot;background_slideshow_loop&quot;:&quot;yes&quot;,&quot;background_slideshow_slide_duration&quot;:5000,&quot;background_slideshow_slide_transition&quot;:&quot;fade&quot;,&quot;background_slideshow_transition_duration&quot;:500}\">\n\t\t\t\t\t\t<div class=\"elementor-container elementor-column-gap-default\">\n\t\t\t\t\t<div class=\"elementor-column elementor-col-100 elementor-top-column elementor-element elementor-element-6669c8e\" data-id=\"6669c8e\" data-element_type=\"column\" data-settings=\"{&quot;background_background&quot;:&quot;classic&quot;}\">\n\t\t\t<div class=\"elementor-widget-wrap elementor-element-populated\">\n\t\t\t\t\t<div class=\"elementor-background-overlay\"><\/div>\n\t\t\t\t\t\t<div class=\"elementor-element elementor-element-6671e19 elementor-widget elementor-widget-fokkner_core_custom_font\" data-id=\"6671e19\" data-element_type=\"widget\" data-widget_type=\"fokkner_core_custom_font.default\">\n\t\t\t\t<div class=\"elementor-widget-container\">\n\t\t\t\t\t<h1 class=\"qodef-shortcode qodef-m  qodef-custom-font qodef-custom-font-655 qodef-layout--simple\" style=\"color: #FFFFFF;font-size: 75px\">Nuestros servicios<\/h1>\n\t\t\t\t<\/div>\n\t\t\t\t<\/div>\n\t\t\t\t\t<\/div>\n\t\t<\/div>\n\t\t\t\t\t<\/div>\n\t\t<\/section>\n\t\t\t\t<section class=\"elementor-section elementor-top-section elementor-element elementor-element-1026034 qodef-elementor-content-grid elementor-section-content-middle elementor-section-boxed elementor-section-height-default elementor-section-height-default\" data-id=\"1026034\" data-element_type=\"section\">\n\t\t\t\t\t\t<div class=\"elementor-container elementor-column-gap-default\">\n\t\t\t\t\t<div class=\"elementor-column elementor-col-50 elementor-top-column elementor-element elementor-element-57a4ab2\" data-id=\"57a4ab2\" data-element_type=\"column\">\n\t\t\t<div class=\"elementor-widget-wrap elementor-element-populated\">\n\t\t\t\t\t\t<div class=\"elementor-element elementor-element-1f3a02b elementor-widget elementor-widget-image\" data-id=\"1f3a02b\" data-element_type=\"widget\" data-widget_type=\"image.default\">\n\t\t\t\t<div class=\"elementor-widget-container\">\n\t\t\t\t\t\t\t\t\t\t\t\t\t\t\t<img fetchpriority=\"high\" decoding=\"async\" width=\"1920\" height=\"1080\" src=\"https:\/\/grupea.com.do\/wp-content\/uploads\/2025\/09\/Real-Estate-Investment-02.png\" class=\"attachment-full size-full wp-image-6881\" alt=\"\" srcset=\"https:\/\/grupea.com.do\/wp-content\/uploads\/2025\/09\/Real-Estate-Investment-02.png 1920w, https:\/\/grupea.com.do\/wp-content\/uploads\/2025\/09\/Real-Estate-Investment-02-300x169.png 300w, https:\/\/grupea.com.do\/wp-content\/uploads\/2025\/09\/Real-Estate-Investment-02-1024x576.png 1024w, https:\/\/grupea.com.do\/wp-content\/uploads\/2025\/09\/Real-Estate-Investment-02-768x432.png 768w, https:\/\/grupea.com.do\/wp-content\/uploads\/2025\/09\/Real-Estate-Investment-02-1536x864.png 1536w\" sizes=\"(max-width: 1920px) 100vw, 1920px\" \/>\t\t\t\t\t\t\t\t\t\t\t\t\t\t\t<\/div>\n\t\t\t\t<\/div>\n\t\t\t\t\t<\/div>\n\t\t<\/div>\n\t\t\t\t<div class=\"elementor-column elementor-col-50 elementor-top-column elementor-element elementor-element-3e0074e\" data-id=\"3e0074e\" data-element_type=\"column\">\n\t\t\t<div class=\"elementor-widget-wrap elementor-element-populated\">\n\t\t\t\t\t\t<div class=\"elementor-element elementor-element-cae12bd elementor-widget__width-initial elementor-widget-tablet__width-inherit elementor-widget elementor-widget-fokkner_core_section_title\" data-id=\"cae12bd\" data-element_type=\"widget\" data-widget_type=\"fokkner_core_section_title.default\">\n\t\t\t\t<div class=\"elementor-widget-container\">\n\t\t\t\t\t<div class=\"qodef-shortcode qodef-m  qodef-section-title qodef-alignment--left\">\n\t\t<h4 class=\"qodef-m-title\" >\n\t\t\t\t\tFondo de inversi\u00f3n<br \/> Inmobiliaria (FII):\t\t\t<\/h4>\n\t\t\t<p class=\"qodef-m-text\" style=\"margin-top: -6px\">Un Fondo de Inversi\u00f3n Inmobiliaria (FII) es una estructura financiera que permite a los inversores adquirir participaciones en una cartera de activos inmobiliarios, como propiedades comerciales o residenciales, a trav\u00e9s de un fondo de capital compartido. Nuestra experiencia en el sector y el mercado local nos permite proteger el patrimonio econ\u00f3mico de nuestros clientes mediante el desarrollo de proyectos fiables con alta rentabilidad financiera.<\/p>\n<\/div>\n\t\t\t\t<\/div>\n\t\t\t\t<\/div>\n\t\t\t\t<div class=\"elementor-element elementor-element-f3e26a0 elementor-widget elementor-widget-fokkner_core_button\" data-id=\"f3e26a0\" data-element_type=\"widget\" data-widget_type=\"fokkner_core_button.default\">\n\t\t\t\t<div class=\"elementor-widget-container\">\n\t\t\t\t\t<a class=\"qodef-shortcode qodef-m  qodef-button qodef-layout--outlined   qodef-html--link\" href=\"https:\/\/grupea.com.do\/es\/contact-us\/\" target=\"_self\" data-hover-color=\"#FFFFFF\" data-hover-background-color=\"#000000\" >\n\t<span class=\"qodef-m-text\">M\u00e1s informaci\u00f3n<\/span>\n<\/a>\n\t\t\t\t<\/div>\n\t\t\t\t<\/div>\n\t\t\t\t\t<\/div>\n\t\t<\/div>\n\t\t\t\t\t<\/div>\n\t\t<\/section>\n\t\t\t\t<section class=\"elementor-section elementor-top-section elementor-element elementor-element-f014a6f qodef-elementor-content-grid elementor-section-content-middle elementor-section-boxed elementor-section-height-default elementor-section-height-default\" data-id=\"f014a6f\" data-element_type=\"section\">\n\t\t\t\t\t\t<div class=\"elementor-container elementor-column-gap-default\">\n\t\t\t\t\t<div class=\"elementor-column elementor-col-50 elementor-top-column elementor-element elementor-element-265dfaf\" data-id=\"265dfaf\" data-element_type=\"column\">\n\t\t\t<div class=\"elementor-widget-wrap elementor-element-populated\">\n\t\t\t\t\t\t<div class=\"elementor-element elementor-element-e988591 elementor-widget elementor-widget-image\" data-id=\"e988591\" data-element_type=\"widget\" data-widget_type=\"image.default\">\n\t\t\t\t<div class=\"elementor-widget-container\">\n\t\t\t\t\t\t\t\t\t\t\t\t\t\t\t<img decoding=\"async\" width=\"1792\" height=\"2560\" src=\"https:\/\/grupea.com.do\/wp-content\/uploads\/2025\/09\/Business-analisis-02-scaled.jpg\" class=\"attachment-full size-full wp-image-6885\" alt=\"\" srcset=\"https:\/\/grupea.com.do\/wp-content\/uploads\/2025\/09\/Business-analisis-02-scaled.jpg 1792w, https:\/\/grupea.com.do\/wp-content\/uploads\/2025\/09\/Business-analisis-02-210x300.jpg 210w, https:\/\/grupea.com.do\/wp-content\/uploads\/2025\/09\/Business-analisis-02-717x1024.jpg 717w, https:\/\/grupea.com.do\/wp-content\/uploads\/2025\/09\/Business-analisis-02-768x1097.jpg 768w, https:\/\/grupea.com.do\/wp-content\/uploads\/2025\/09\/Business-analisis-02-1075x1536.jpg 1075w, https:\/\/grupea.com.do\/wp-content\/uploads\/2025\/09\/Business-analisis-02-1434x2048.jpg 1434w\" sizes=\"(max-width: 1792px) 100vw, 1792px\" \/>\t\t\t\t\t\t\t\t\t\t\t\t\t\t\t<\/div>\n\t\t\t\t<\/div>\n\t\t\t\t\t<\/div>\n\t\t<\/div>\n\t\t\t\t<div class=\"elementor-column elementor-col-50 elementor-top-column elementor-element elementor-element-ad18b9c\" data-id=\"ad18b9c\" data-element_type=\"column\">\n\t\t\t<div class=\"elementor-widget-wrap elementor-element-populated\">\n\t\t\t\t\t\t<div class=\"elementor-element elementor-element-ac2f61d elementor-widget__width-initial elementor-widget-tablet__width-inherit elementor-widget elementor-widget-fokkner_core_section_title\" data-id=\"ac2f61d\" data-element_type=\"widget\" data-widget_type=\"fokkner_core_section_title.default\">\n\t\t\t\t<div class=\"elementor-widget-container\">\n\t\t\t\t\t<div class=\"qodef-shortcode qodef-m  qodef-section-title qodef-alignment--left\">\n\t\t<h4 class=\"qodef-m-title\" >\n\t\t\t\t\tAn\u00e1lisis empresarial<br \/>\t\t\t<\/h4>\n\t\t\t<p class=\"qodef-m-text\" style=\"margin-top: -6px\">La planificaci\u00f3n y el desarrollo de un proyecto inmobiliario requieren una evaluaci\u00f3n integral, que incluye el an\u00e1lisis de la ubicaci\u00f3n, la definici\u00f3n del marco regulatorio y una exhaustiva investigaci\u00f3n de mercado. Un an\u00e1lisis detallado de viabilidad y riesgos es esencial. Le guiamos durante todo el proceso, desde la conceptualizaci\u00f3n inicial del proyecto y la evaluaci\u00f3n de su viabilidad, pasando por la comprensi\u00f3n de los aspectos legislativos, legales y fiscales de las operaciones inmobiliarias, hasta la elaboraci\u00f3n del plan de negocios y la obtenci\u00f3n de financiaci\u00f3n. Adem\u00e1s, le asistimos en la adquisici\u00f3n o aseguramiento de la propiedad, el dise\u00f1o y la organizaci\u00f3n del desarrollo, la obtenci\u00f3n de los estudios y permisos necesarios, el an\u00e1lisis de costos de construcci\u00f3n y, en \u00faltima instancia, la implementaci\u00f3n de estrategias efectivas de marketing inmobiliario.<\/p>\n<\/div>\n\t\t\t\t<\/div>\n\t\t\t\t<\/div>\n\t\t\t\t<div class=\"elementor-element elementor-element-d8a19bb elementor-widget elementor-widget-fokkner_core_button\" data-id=\"d8a19bb\" data-element_type=\"widget\" data-widget_type=\"fokkner_core_button.default\">\n\t\t\t\t<div class=\"elementor-widget-container\">\n\t\t\t\t\t<a class=\"qodef-shortcode qodef-m  qodef-button qodef-layout--outlined   qodef-html--link\" href=\"https:\/\/grupea.com.do\/es\/contact-us\/\" target=\"_self\" data-hover-color=\"#FFFFFF\" data-hover-background-color=\"#000000\" >\n\t<span class=\"qodef-m-text\">M\u00e1s informaci\u00f3n<\/span>\n<\/a>\n\t\t\t\t<\/div>\n\t\t\t\t<\/div>\n\t\t\t\t\t<\/div>\n\t\t<\/div>\n\t\t\t\t\t<\/div>\n\t\t<\/section>\n\t\t\t\t<section class=\"elementor-section elementor-top-section elementor-element elementor-element-a577871 qodef-elementor-content-grid elementor-section-content-middle elementor-section-boxed elementor-section-height-default elementor-section-height-default\" data-id=\"a577871\" data-element_type=\"section\">\n\t\t\t\t\t\t<div class=\"elementor-container elementor-column-gap-default\">\n\t\t\t\t\t<div class=\"elementor-column elementor-col-50 elementor-top-column elementor-element elementor-element-e7bac6f\" data-id=\"e7bac6f\" data-element_type=\"column\">\n\t\t\t<div class=\"elementor-widget-wrap elementor-element-populated\">\n\t\t\t\t\t\t<div class=\"elementor-element elementor-element-c622a10 elementor-widget__width-initial elementor-widget elementor-widget-image\" data-id=\"c622a10\" data-element_type=\"widget\" data-widget_type=\"image.default\">\n\t\t\t\t<div class=\"elementor-widget-container\">\n\t\t\t\t\t\t\t\t\t\t\t\t\t\t\t<img decoding=\"async\" width=\"2560\" height=\"1592\" src=\"https:\/\/grupea.com.do\/wp-content\/uploads\/2026\/01\/Project-Management-scaled.jpg\" class=\"attachment-full size-full wp-image-7475\" alt=\"\" srcset=\"https:\/\/grupea.com.do\/wp-content\/uploads\/2026\/01\/Project-Management-scaled.jpg 2560w, https:\/\/grupea.com.do\/wp-content\/uploads\/2026\/01\/Project-Management-300x187.jpg 300w, https:\/\/grupea.com.do\/wp-content\/uploads\/2026\/01\/Project-Management-1024x637.jpg 1024w, https:\/\/grupea.com.do\/wp-content\/uploads\/2026\/01\/Project-Management-768x478.jpg 768w, https:\/\/grupea.com.do\/wp-content\/uploads\/2026\/01\/Project-Management-1536x955.jpg 1536w, https:\/\/grupea.com.do\/wp-content\/uploads\/2026\/01\/Project-Management-2048x1273.jpg 2048w\" sizes=\"(max-width: 2560px) 100vw, 2560px\" \/>\t\t\t\t\t\t\t\t\t\t\t\t\t\t\t<\/div>\n\t\t\t\t<\/div>\n\t\t\t\t\t<\/div>\n\t\t<\/div>\n\t\t\t\t<div class=\"elementor-column elementor-col-50 elementor-top-column elementor-element elementor-element-7968b4b\" data-id=\"7968b4b\" data-element_type=\"column\">\n\t\t\t<div class=\"elementor-widget-wrap elementor-element-populated\">\n\t\t\t\t\t\t<div class=\"elementor-element elementor-element-9c789e4 elementor-widget__width-initial elementor-widget-tablet__width-inherit elementor-widget elementor-widget-fokkner_core_section_title\" data-id=\"9c789e4\" data-element_type=\"widget\" data-widget_type=\"fokkner_core_section_title.default\">\n\t\t\t\t<div class=\"elementor-widget-container\">\n\t\t\t\t\t<div class=\"qodef-shortcode qodef-m  qodef-section-title qodef-alignment--left\">\n\t\t<h4 class=\"qodef-m-title\" >\n\t\t\t\t\tGesti\u00f3n de proyectos<br \/> y dise\u00f1o\t\t\t<\/h4>\n\t\t\t<p class=\"qodef-m-text\" style=\"margin-top: -6px\">Este proceso requiere conocimientos t\u00e9cnicos, anticipaci\u00f3n a los desaf\u00edos y adaptabilidad a escenarios en constante evoluci\u00f3n. Los factores clave para el \u00e9xito de la gesti\u00f3n de proyectos inmobiliarios incluyen la planificaci\u00f3n y el dise\u00f1o, la financiaci\u00f3n, la construcci\u00f3n, el marketing y la gesti\u00f3n de riesgos mediante la gesti\u00f3n presupuestaria, la gesti\u00f3n de proveedores y materiales, y la gesti\u00f3n del cronograma de ejecuci\u00f3n.<\/p>\n<\/div>\n\t\t\t\t<\/div>\n\t\t\t\t<\/div>\n\t\t\t\t<div class=\"elementor-element elementor-element-c51e4a4 elementor-widget elementor-widget-fokkner_core_button\" data-id=\"c51e4a4\" data-element_type=\"widget\" data-widget_type=\"fokkner_core_button.default\">\n\t\t\t\t<div class=\"elementor-widget-container\">\n\t\t\t\t\t<a class=\"qodef-shortcode qodef-m  qodef-button qodef-layout--outlined   qodef-html--link\" href=\"https:\/\/grupea.com.do\/es\/contact-us\/\" target=\"_self\" data-hover-color=\"#FFFFFF\" data-hover-background-color=\"#000000\" >\n\t<span class=\"qodef-m-text\">M\u00e1s informaci\u00f3n<\/span>\n<\/a>\n\t\t\t\t<\/div>\n\t\t\t\t<\/div>\n\t\t\t\t\t<\/div>\n\t\t<\/div>\n\t\t\t\t\t<\/div>\n\t\t<\/section>\n\t\t\t\t<section class=\"elementor-section elementor-top-section elementor-element elementor-element-454dff3 qodef-elementor-content-grid elementor-section-content-middle elementor-section-boxed elementor-section-height-default elementor-section-height-default\" data-id=\"454dff3\" data-element_type=\"section\">\n\t\t\t\t\t\t<div class=\"elementor-container elementor-column-gap-default\">\n\t\t\t\t\t<div class=\"elementor-column elementor-col-50 elementor-top-column elementor-element elementor-element-8503a3b\" data-id=\"8503a3b\" data-element_type=\"column\">\n\t\t\t<div class=\"elementor-widget-wrap elementor-element-populated\">\n\t\t\t\t\t\t<div class=\"elementor-element elementor-element-921440a elementor-widget elementor-widget-image\" data-id=\"921440a\" data-element_type=\"widget\" data-widget_type=\"image.default\">\n\t\t\t\t<div class=\"elementor-widget-container\">\n\t\t\t\t\t\t\t\t\t\t\t\t\t\t\t<img loading=\"lazy\" decoding=\"async\" width=\"2560\" height=\"1707\" src=\"https:\/\/grupea.com.do\/wp-content\/uploads\/2025\/09\/Real-Estate-Consulting-scaled.jpg\" class=\"attachment-full size-full wp-image-6876\" alt=\"\" srcset=\"https:\/\/grupea.com.do\/wp-content\/uploads\/2025\/09\/Real-Estate-Consulting-scaled.jpg 2560w, https:\/\/grupea.com.do\/wp-content\/uploads\/2025\/09\/Real-Estate-Consulting-300x200.jpg 300w, https:\/\/grupea.com.do\/wp-content\/uploads\/2025\/09\/Real-Estate-Consulting-1024x683.jpg 1024w, https:\/\/grupea.com.do\/wp-content\/uploads\/2025\/09\/Real-Estate-Consulting-768x512.jpg 768w, https:\/\/grupea.com.do\/wp-content\/uploads\/2025\/09\/Real-Estate-Consulting-1536x1024.jpg 1536w, https:\/\/grupea.com.do\/wp-content\/uploads\/2025\/09\/Real-Estate-Consulting-2048x1365.jpg 2048w\" sizes=\"(max-width: 2560px) 100vw, 2560px\" \/>\t\t\t\t\t\t\t\t\t\t\t\t\t\t\t<\/div>\n\t\t\t\t<\/div>\n\t\t\t\t\t<\/div>\n\t\t<\/div>\n\t\t\t\t<div class=\"elementor-column elementor-col-50 elementor-top-column elementor-element elementor-element-601416e\" data-id=\"601416e\" data-element_type=\"column\">\n\t\t\t<div class=\"elementor-widget-wrap elementor-element-populated\">\n\t\t\t\t\t\t<div class=\"elementor-element elementor-element-5b88bb5 elementor-widget__width-initial elementor-widget-tablet__width-inherit elementor-widget elementor-widget-fokkner_core_section_title\" data-id=\"5b88bb5\" data-element_type=\"widget\" data-widget_type=\"fokkner_core_section_title.default\">\n\t\t\t\t<div class=\"elementor-widget-container\">\n\t\t\t\t\t<div class=\"qodef-shortcode qodef-m  qodef-section-title qodef-alignment--left\">\n\t\t<h4 class=\"qodef-m-title\" >\n\t\t\t\t\tAsesor\u00eda de inversiones<br \/> inmobiliaria\t\t\t<\/h4>\n\t\t\t<p class=\"qodef-m-text\" style=\"margin-top: -6px\">Brindamos asesor\u00eda personalizada a inversionistas, empresas u organizaciones en la toma de decisiones relacionadas con sus inversiones financieras dentro del mercado inmobiliario dominicano.<\/p>\n<\/div>\n\t\t\t\t<\/div>\n\t\t\t\t<\/div>\n\t\t\t\t<div class=\"elementor-element elementor-element-225f143 elementor-widget elementor-widget-fokkner_core_button\" data-id=\"225f143\" data-element_type=\"widget\" data-widget_type=\"fokkner_core_button.default\">\n\t\t\t\t<div class=\"elementor-widget-container\">\n\t\t\t\t\t<a class=\"qodef-shortcode qodef-m  qodef-button qodef-layout--outlined   qodef-html--link\" href=\"https:\/\/grupea.com.do\/es\/contact-us\/\" target=\"_self\" data-hover-color=\"#FFFFFF\" data-hover-background-color=\"#000000\" >\n\t<span class=\"qodef-m-text\">M\u00e1s informaci\u00f3n<\/span>\n<\/a>\n\t\t\t\t<\/div>\n\t\t\t\t<\/div>\n\t\t\t\t\t<\/div>\n\t\t<\/div>\n\t\t\t\t\t<\/div>\n\t\t<\/section>\n\t\t\t\t<\/div>","protected":false},"excerpt":{"rendered":"<p>Our Services Real Estate Investment Development Fund (REIF): A Real Estate Investment Fund (REIF) is a financial structure enabling investors to acquire shares in a portfolio of real estate assets, such as commercial or residential properties, through a shared capital fund. Our expertise in the sector and the local market allows us to secure our [&hellip;]<\/p>","protected":false},"author":1,"featured_media":0,"parent":0,"menu_order":0,"comment_status":"closed","ping_status":"closed","template":"page-full-width.php","meta":{"footnotes":""},"class_list":["post-5814","page","type-page","status-publish","hentry"],"_links":{"self":[{"href":"https:\/\/grupea.com.do\/es\/wp-json\/wp\/v2\/pages\/5814","targetHints":{"allow":["GET"]}}],"collection":[{"href":"https:\/\/grupea.com.do\/es\/wp-json\/wp\/v2\/pages"}],"about":[{"href":"https:\/\/grupea.com.do\/es\/wp-json\/wp\/v2\/types\/page"}],"author":[{"embeddable":true,"href":"https:\/\/grupea.com.do\/es\/wp-json\/wp\/v2\/users\/1"}],"replies":[{"embeddable":true,"href":"https:\/\/grupea.com.do\/es\/wp-json\/wp\/v2\/comments?post=5814"}],"version-history":[{"count":148,"href":"https:\/\/grupea.com.do\/es\/wp-json\/wp\/v2\/pages\/5814\/revisions"}],"predecessor-version":[{"id":7799,"href":"https:\/\/grupea.com.do\/es\/wp-json\/wp\/v2\/pages\/5814\/revisions\/7799"}],"wp:attachment":[{"href":"https:\/\/grupea.com.do\/es\/wp-json\/wp\/v2\/media?parent=5814"}],"curies":[{"name":"wp","href":"https:\/\/api.w.org\/{rel}","templated":true}]}}