{"id":5786,"date":"2025-01-29T15:44:04","date_gmt":"2025-01-29T15:44:04","guid":{"rendered":"https:\/\/grupea.com.do\/?page_id=5786"},"modified":"2026-01-21T12:56:33","modified_gmt":"2026-01-21T12:56:33","slug":"about-us","status":"publish","type":"page","link":"https:\/\/grupea.com.do\/es\/about-us\/","title":{"rendered":"Acerca de nosotros"},"content":{"rendered":"<div data-elementor-type=\"wp-page\" data-elementor-id=\"5786\" class=\"elementor elementor-5786\" data-elementor-post-type=\"page\">\n\t\t\t\t\t\t<section class=\"elementor-section elementor-top-section elementor-element elementor-element-e2d5859 elementor-section-full_width elementor-section-height-default elementor-section-height-default qodef-elementor-content-no\" data-id=\"e2d5859\" data-element_type=\"section\">\n\t\t\t\t\t\t<div class=\"elementor-container elementor-column-gap-default\">\n\t\t\t\t\t<div class=\"elementor-column elementor-col-100 elementor-top-column elementor-element elementor-element-31f1f4a\" data-id=\"31f1f4a\" data-element_type=\"column\" data-settings=\"{&quot;background_background&quot;:&quot;classic&quot;}\">\n\t\t\t<div class=\"elementor-widget-wrap elementor-element-populated\">\n\t\t\t\t\t<div class=\"elementor-background-overlay\"><\/div>\n\t\t\t\t\t\t<div class=\"elementor-element elementor-element-cbcd8c3 elementor-widget elementor-widget-fokkner_core_custom_font\" data-id=\"cbcd8c3\" data-element_type=\"widget\" data-widget_type=\"fokkner_core_custom_font.default\">\n\t\t\t\t<div class=\"elementor-widget-container\">\n\t\t\t\t\t<h1 class=\"qodef-shortcode qodef-m  qodef-custom-font qodef-custom-font-739 qodef-layout--simple\" style=\"color: #FFFFFF;font-size: 104px\">Qui\u00e9nes somos<\/h1>\n\t\t\t\t<\/div>\n\t\t\t\t<\/div>\n\t\t\t\t\t<\/div>\n\t\t<\/div>\n\t\t\t\t\t<\/div>\n\t\t<\/section>\n\t\t<div class=\"elementor-element elementor-element-53949ce e-flex e-con-boxed e-con e-parent\" data-id=\"53949ce\" data-element_type=\"container\">\n\t\t\t\t\t<div class=\"e-con-inner\">\n\t\t\t\t\t<\/div>\n\t\t\t\t<\/div>\n\t\t\t\t<section class=\"elementor-section elementor-top-section elementor-element elementor-element-1b56ced qodef-elementor-content-grid elementor-section-boxed elementor-section-height-default elementor-section-height-default\" data-id=\"1b56ced\" data-element_type=\"section\">\n\t\t\t\t\t\t<div class=\"elementor-container elementor-column-gap-default\">\n\t\t\t\t\t<div class=\"elementor-column elementor-col-25 elementor-top-column elementor-element elementor-element-2113c50\" data-id=\"2113c50\" data-element_type=\"column\">\n\t\t\t<div class=\"elementor-widget-wrap elementor-element-populated\">\n\t\t\t\t\t\t<div class=\"elementor-element elementor-element-875153e elementor-widget elementor-widget-qi_addons_for_elementor_counter\" data-id=\"875153e\" data-element_type=\"widget\" data-widget_type=\"qi_addons_for_elementor_counter.default\">\n\t\t\t\t<div class=\"elementor-widget-container\">\n\t\t\t\t\t<div class=\"qodef-shortcode qodef-m qodef-qi-counter qodef-layout--simple\" data-end-digit=\"18\" data-step-delay=\"1\">\n\t<div class=\"qodef-m-digit-wrapper\">\n\t\t<div class=\"qodef-m-digit\"><\/div>\n\t<\/div>\n\t\t<div class=\"qodef-m-content\">\n\t\t\t<h5 class=\"qodef-m-title\">\n\t\tA\u00f1os de experiencia\t<\/h5>\n\t\t\t<\/div>\n<\/div>\n\t\t\t\t<\/div>\n\t\t\t\t<\/div>\n\t\t\t\t\t<\/div>\n\t\t<\/div>\n\t\t\t\t<div class=\"elementor-column elementor-col-25 elementor-top-column elementor-element elementor-element-7b5f272\" data-id=\"7b5f272\" data-element_type=\"column\">\n\t\t\t<div class=\"elementor-widget-wrap elementor-element-populated\">\n\t\t\t\t\t\t<div class=\"elementor-element elementor-element-0e8bf2a elementor-widget elementor-widget-qi_addons_for_elementor_counter\" data-id=\"0e8bf2a\" data-element_type=\"widget\" data-widget_type=\"qi_addons_for_elementor_counter.default\">\n\t\t\t\t<div class=\"elementor-widget-container\">\n\t\t\t\t\t<div class=\"qodef-shortcode qodef-m qodef-qi-counter qodef-layout--simple\" data-end-digit=\"151\" data-step-delay=\"0.5\">\n\t<div class=\"qodef-m-digit-wrapper\">\n\t\t<div class=\"qodef-m-digit\"><\/div>\n\t<\/div>\n\t\t<div class=\"qodef-m-content\">\n\t\t\t<h5 class=\"qodef-m-title\">\n\t\tUnidades entregadas.\t<\/h5>\n\t\t\t<\/div>\n<\/div>\n\t\t\t\t<\/div>\n\t\t\t\t<\/div>\n\t\t\t\t\t<\/div>\n\t\t<\/div>\n\t\t\t\t<div class=\"elementor-column elementor-col-25 elementor-top-column elementor-element elementor-element-622bd4e\" data-id=\"622bd4e\" data-element_type=\"column\">\n\t\t\t<div class=\"elementor-widget-wrap elementor-element-populated\">\n\t\t\t\t\t\t<div class=\"elementor-element elementor-element-d8b3bd9 elementor-widget elementor-widget-qi_addons_for_elementor_counter\" data-id=\"d8b3bd9\" data-element_type=\"widget\" data-widget_type=\"qi_addons_for_elementor_counter.default\">\n\t\t\t\t<div class=\"elementor-widget-container\">\n\t\t\t\t\t<div class=\"qodef-shortcode qodef-m qodef-qi-counter qodef-layout--simple\" data-end-digit=\"127\" data-step-delay=\"0.5\">\n\t<div class=\"qodef-m-digit-wrapper\">\n\t\t<div class=\"qodef-m-digit\"><\/div>\n\t<\/div>\n\t\t<div class=\"qodef-m-content\">\n\t\t\t<h5 class=\"qodef-m-title\">\n\t\tUnidades en construcci\u00f3n\t<\/h5>\n\t\t\t<\/div>\n<\/div>\n\t\t\t\t<\/div>\n\t\t\t\t<\/div>\n\t\t\t\t\t<\/div>\n\t\t<\/div>\n\t\t\t\t<div class=\"elementor-column elementor-col-25 elementor-top-column elementor-element elementor-element-25c0132\" data-id=\"25c0132\" data-element_type=\"column\">\n\t\t\t<div class=\"elementor-widget-wrap elementor-element-populated\">\n\t\t\t\t\t\t<div class=\"elementor-element elementor-element-be73a04 elementor-widget elementor-widget-qi_addons_for_elementor_counter\" data-id=\"be73a04\" data-element_type=\"widget\" data-widget_type=\"qi_addons_for_elementor_counter.default\">\n\t\t\t\t<div class=\"elementor-widget-container\">\n\t\t\t\t\t<div class=\"qodef-shortcode qodef-m qodef-qi-counter qodef-layout--simple\" data-end-digit=\"589\" data-step-delay=\"0.5\">\n\t<div class=\"qodef-m-digit-wrapper\">\n\t\t<div class=\"qodef-m-digit\"><\/div>\n\t<\/div>\n\t\t<div class=\"qodef-m-content\">\n\t\t\t<h5 class=\"qodef-m-title\">\n\t\tPr\u00f3ximas unidades en desarrollo y ejecuci\u00f3n\t<\/h5>\n\t\t\t<\/div>\n<\/div>\n\t\t\t\t<\/div>\n\t\t\t\t<\/div>\n\t\t\t\t\t<\/div>\n\t\t<\/div>\n\t\t\t\t\t<\/div>\n\t\t<\/section>\n\t\t<div class=\"elementor-element elementor-element-c30323a e-flex e-con-boxed e-con e-parent\" data-id=\"c30323a\" data-element_type=\"container\">\n\t\t\t\t\t<div class=\"e-con-inner\">\n\t\t\t\t<div class=\"elementor-element elementor-element-60dfa3a elementor-widget elementor-widget-html\" data-id=\"60dfa3a\" data-element_type=\"widget\" data-widget_type=\"html.default\">\n\t\t\t\t<div class=\"elementor-widget-container\">\n\t\t\t\t\t<!doctype html>\r\n<html lang=\"en\">\r\n<head>\r\n  <meta charset=\"utf-8\" \/>\r\n  <meta name=\"viewport\" content=\"width=device-width, initial-scale=1\" \/>\r\n  <title>GRUEPA \u00b7 Our Identity<\/title>\r\n\r\n  <!-- Inter only -->\r\n  <link href=\"https:\/\/fonts.googleapis.com\/css2?family=Inter:wght@400;600;700;800;900&display=swap\" rel=\"stylesheet\">\r\n\r\n  <style>\r\n    :root{\r\n      --primary:#1f7a6f;   \/* teal *\/\r\n      --accent:#e3b23c;    \/* mustard *\/\r\n      --ink:#1a1a1a;\r\n      --muted:#5f6b6b;\r\n      --card:#ffffff;\r\n      --font:\"Inter\", system-ui, -apple-system, \"Segoe UI\", Roboto, Helvetica, Arial, sans-serif;\r\n    }\r\n\r\n    html,body{margin:0;padding:0;background:#fff;color:var(--ink);font-family:var(--font);}\r\n\r\n    \/* ========== Identity Section ========== *\/\r\n    .identity-section{background:#fff;padding:56px 20px;font-family:var(--font);}\r\n    .identity-wrap{max-width:1100px;margin:0 auto;}\r\n\r\n    .identity-eyebrow{\r\n      display:inline-flex;align-items:center;gap:.6rem;margin-bottom:.75rem;\r\n      font-weight:800;color:var(--primary);letter-spacing:.06em;text-transform:uppercase;font-size:.85rem;\r\n    }\r\n    .identity-eyebrow::before{content:\"\";width:36px;height:8px;background:var(--primary);border-radius:4px;}\r\n    .identity-eyebrow::after{content:\"\";width:22px;height:8px;background:var(--accent);border-radius:4px;}\r\n\r\n   #identity-title{\r\n  font-weight:500; \/* antes 900 *\/\r\n  font-size:clamp(1.9rem,2.6vw,2.6rem);\r\n  line-height:1.2;\r\n  margin:0 0 28px;\r\n  letter-spacing:-.01em;\r\n\r\n    }\r\n\r\n    .identity-grid{\r\n      display:grid;grid-template-columns:repeat(3,minmax(0,1fr));gap:22px;\r\n    }\r\n    @media (max-width:900px){.identity-grid{grid-template-columns:1fr;}}\r\n\r\n    .identity-item{\r\n      background:var(--card);border:1px solid #eef1f1;border-radius:16px;padding:22px 20px 20px;\r\n      box-shadow:0 1px 2px rgba(16,24,40,.04);\r\n    }\r\n\r\n    .identity-badge{\r\n      width:56px;height:56px;border-radius:12px;background:#f7f7f7;border:1px solid #ececec;\r\n      display:flex;align-items:center;justify-content:center;\r\n      font-weight:900;color:#111;font-size:1rem;margin-bottom:14px;position:relative;isolation:isolate;\r\n    }\r\n    .identity-badge::after{\r\n      content:\"\";position:absolute;inset:0;border-radius:12px;mix-blend:multiply;\r\n      background:linear-gradient(135deg,var(--accent),var(--primary));opacity:.08;\r\n    }\r\n\r\n    \/* >>> Highlight \"Mission \/ Vision \/ Values\" <<< *\/\r\n    .identity-kicker{\r\n      font-size:1rem;          \/* bigger *\/\r\n      font-weight:900;         \/* bolder *\/\r\n      color:var(--accent);     \/* different color *\/\r\n      letter-spacing:.06em;text-transform:uppercase;margin:0 0 6px;\r\n    }\r\n\r\n    .identity-heading{font-weight:800;font-size:1.15rem;margin:0 0 8px;}\r\n    .identity-text{color:var(--muted);line-height:1.65;margin:0;}\r\n    .values ul{padding-left:1.1rem;margin:.4rem 0 0;}\r\n    .values li{margin:.25rem 0;color:var(--muted);}\r\n  <\/style>\r\n<\/head>\r\n<body>\r\n\r\n  <section id=\"our-identity\" class=\"identity-section\" aria-labelledby=\"identity-title\">\r\n    <div class=\"identity-wrap\">\r\n      <span class=\"identity-eyebrow\">Acerca de nosotros<\/span>\r\n      <h2 id=\"identity-title\">Nuestra Identidad<\/h2>\r\n\r\n      <div class=\"identity-grid\">\r\n        <!-- 01 Mission -->\r\n        <article class=\"identity-item\" aria-labelledby=\"mission-title\">\r\n          <div class=\"identity-badge\" aria-hidden=\"true\">01<\/div>\r\n          <p class=\"identity-kicker\">Misi\u00f3n<\/p>\r\n          <h3 id=\"mission-title\" class=\"identity-heading\">Desarrollo impulsado por servicios<\/h3>\r\n          <p class=\"identity-text\">\r\n            Somos una empresa orientada al servicio, comprometida a resolver las necesidades de desarrollo inmobiliario implementando el mejor dise\u00f1o, tecnolog\u00eda y sistemas en evoluci\u00f3n en la industria de la construcci\u00f3n, siempre con un profundo respeto por el medio ambiente.\r\n          <\/p>\r\n        <\/article>\r\n\r\n        <!-- 02 Vision -->\r\n        <article class=\"identity-item\" aria-labelledby=\"vision-title\">\r\n          <div class=\"identity-badge\" aria-hidden=\"true\">02<\/div>\r\n          <p class=\"identity-kicker\">Visi\u00f3n<\/p>\r\n          <h3 id=\"vision-title\" class=\"identity-heading\">Liderazgo con calidad e innovaci\u00f3n<\/h3>\r\n          <p class=\"identity-text\">\r\n            Ser una empresa l\u00edder en el sector de la construcci\u00f3n, reconocida por la calidad, la innovaci\u00f3n y la responsabilidad en cada proyecto. En el desarrollo inmobiliario, nos esforzamos por equilibrar los avances tecnol\u00f3gicos con un compromiso inquebrantable con la excelencia.\r\n          <\/p>\r\n        <\/article>\r\n\r\n        <!-- 03 Values -->\r\n        <article class=\"identity-item values\" aria-labelledby=\"values-title\">\r\n          <div class=\"identity-badge\" aria-hidden=\"true\">03<\/div>\r\n          <p class=\"identity-kicker\">Valores<\/p>\r\n          <h3 id=\"values-title\" class=\"identity-heading\">\u00bfQu\u00e9 gu\u00eda nuestro trabajo?<\/h3>\r\n          <ul>\r\n            <li>\u00c9tica<\/li>\r\n            <li>Responsabilidad<\/li>\r\n            <li>Compromiso<\/li>\r\n            <li>Lealtad<\/li>\r\n            <li>Trabajo en equipo<\/li>\r\n            <li>Respeto al medio ambiente<\/li>\r\n          <\/ul>\r\n        <\/article>\r\n      <\/div>\r\n    <\/div>\r\n  <\/section>\r\n\r\n<\/body>\r\n<\/html>\r\n\t\t\t\t<\/div>\n\t\t\t\t<\/div>\n\t\t\t\t\t<\/div>\n\t\t\t\t<\/div>\n\t\t<div class=\"elementor-element elementor-element-a215f9b e-con-full e-flex e-con e-child\" data-id=\"a215f9b\" data-element_type=\"container\">\n\t\t<div class=\"elementor-element elementor-element-0a16f50 e-con-full e-flex e-con e-child\" data-id=\"0a16f50\" data-element_type=\"container\">\n\t\t\t\t<div class=\"elementor-element elementor-element-4c80adc elementor-widget elementor-widget-heading\" data-id=\"4c80adc\" data-element_type=\"widget\" data-widget_type=\"heading.default\">\n\t\t\t\t<div class=\"elementor-widget-container\">\n\t\t\t\t\t<h2 class=\"elementor-heading-title elementor-size-default\">Nuestro equipo<\/h2>\t\t\t\t<\/div>\n\t\t\t\t<\/div>\n\t\t\t\t<div class=\"elementor-element elementor-element-25445ec elementor-widget__width-initial elementor-widget elementor-widget-heading\" data-id=\"25445ec\" data-element_type=\"widget\" data-widget_type=\"heading.default\">\n\t\t\t\t<div class=\"elementor-widget-container\">\n\t\t\t\t\t<p class=\"elementor-heading-title elementor-size-default\">En Grupea, nuestro equipo de arquitectos e ingenieros es la base de cada proyecto exitoso. Combinamos visi\u00f3n creativa con precisi\u00f3n t\u00e9cnica para dise\u00f1ar y construir desarrollos inmobiliarios que destacan por su calidad y funcionalidad. Desde la planificaci\u00f3n hasta la construcci\u00f3n, trabajamos en equipo para hacer realidad su proyecto.<\/p>\t\t\t\t<\/div>\n\t\t\t\t<\/div>\n\t\t\t\t<\/div>\n\t\t\t\t<\/div>\n\t\t<div class=\"elementor-element elementor-element-e238b45 e-flex e-con-boxed e-con e-parent\" data-id=\"e238b45\" data-element_type=\"container\">\n\t\t\t\t\t<div class=\"e-con-inner\">\n\t\t<div class=\"elementor-element elementor-element-6fd7d6d e-con-full e-flex e-con e-child\" data-id=\"6fd7d6d\" data-element_type=\"container\">\n\t\t<div class=\"elementor-element elementor-element-83c9f74 e-flex e-con-boxed e-con e-child\" data-id=\"83c9f74\" data-element_type=\"container\">\n\t\t\t\t\t<div class=\"e-con-inner\">\n\t\t\t\t<div class=\"elementor-element elementor-element-c23b888 elementor-widget elementor-widget-image\" data-id=\"c23b888\" data-element_type=\"widget\" data-widget_type=\"image.default\">\n\t\t\t\t<div class=\"elementor-widget-container\">\n\t\t\t\t\t\t\t\t\t\t\t\t\t\t\t<img fetchpriority=\"high\" decoding=\"async\" width=\"1024\" height=\"938\" src=\"https:\/\/grupea.com.do\/wp-content\/uploads\/2025\/10\/IMG-20250120-WA0057-e1761163907434-1024x938.jpg\" class=\"attachment-large size-large wp-image-7034\" alt=\"\" \/>\t\t\t\t\t\t\t\t\t\t\t\t\t\t\t<\/div>\n\t\t\t\t<\/div>\n\t\t\t\t<div class=\"elementor-element elementor-element-98c80db elementor-widget elementor-widget-heading\" data-id=\"98c80db\" data-element_type=\"widget\" data-widget_type=\"heading.default\">\n\t\t\t\t<div class=\"elementor-widget-container\">\n\t\t\t\t\t<h2 class=\"elementor-heading-title elementor-size-default\">Ingeniero Ernesto Agramonte\n<\/h2>\t\t\t\t<\/div>\n\t\t\t\t<\/div>\n\t\t\t\t<div class=\"elementor-element elementor-element-a47377f elementor-widget elementor-widget-heading\" data-id=\"a47377f\" data-element_type=\"widget\" data-widget_type=\"heading.default\">\n\t\t\t\t<div class=\"elementor-widget-container\">\n\t\t\t\t\t<h2 class=\"elementor-heading-title elementor-size-default\">Director General y Gerente Administrativo\n<\/h2>\t\t\t\t<\/div>\n\t\t\t\t<\/div>\n\t\t\t\t<div class=\"elementor-element elementor-element-f563f54 elementor-widget elementor-widget-heading\" data-id=\"f563f54\" data-element_type=\"widget\" data-widget_type=\"heading.default\">\n\t\t\t\t<div class=\"elementor-widget-container\">\n\t\t\t\t\t<h2 class=\"elementor-heading-title elementor-size-default\">Socio fundador de GRUPEA s.r.l. que se encarga de organizar, coordinar y regular todos\nlos procesos administrativos, econ\u00f3micos y t\u00e9cnicos de la empresa gestionando el buen\nfuncionamiento entre todos los departamentos.<\/h2>\t\t\t\t<\/div>\n\t\t\t\t<\/div>\n\t\t\t\t\t<\/div>\n\t\t\t\t<\/div>\n\t\t\t\t<\/div>\n\t\t<div class=\"elementor-element elementor-element-38538f6 e-con-full e-flex e-con e-child\" data-id=\"38538f6\" data-element_type=\"container\">\n\t\t<div class=\"elementor-element elementor-element-f179e25 e-con-full e-flex e-con e-child\" data-id=\"f179e25\" data-element_type=\"container\">\n\t\t\t\t<div class=\"elementor-element elementor-element-87b5dcb elementor-widget elementor-widget-image\" data-id=\"87b5dcb\" data-element_type=\"widget\" data-widget_type=\"image.default\">\n\t\t\t\t<div class=\"elementor-widget-container\">\n\t\t\t\t\t\t\t\t\t\t\t\t\t\t\t<img decoding=\"async\" width=\"1000\" height=\"864\" src=\"https:\/\/grupea.com.do\/wp-content\/uploads\/2025\/10\/DSC5960.jpg\" class=\"attachment-large size-large wp-image-7035\" alt=\"\" srcset=\"https:\/\/grupea.com.do\/wp-content\/uploads\/2025\/10\/DSC5960.jpg 1000w, https:\/\/grupea.com.do\/wp-content\/uploads\/2025\/10\/DSC5960-300x259.jpg 300w, https:\/\/grupea.com.do\/wp-content\/uploads\/2025\/10\/DSC5960-768x664.jpg 768w\" sizes=\"(max-width: 1000px) 100vw, 1000px\" \/>\t\t\t\t\t\t\t\t\t\t\t\t\t\t\t<\/div>\n\t\t\t\t<\/div>\n\t\t\t\t<div class=\"elementor-element elementor-element-0161d2e elementor-widget elementor-widget-heading\" data-id=\"0161d2e\" data-element_type=\"widget\" data-widget_type=\"heading.default\">\n\t\t\t\t<div class=\"elementor-widget-container\">\n\t\t\t\t\t<h2 class=\"elementor-heading-title elementor-size-default\">Laura Tinelli\n<\/h2>\t\t\t\t<\/div>\n\t\t\t\t<\/div>\n\t\t\t\t<div class=\"elementor-element elementor-element-b39dea6 elementor-widget elementor-widget-heading\" data-id=\"b39dea6\" data-element_type=\"widget\" data-widget_type=\"heading.default\">\n\t\t\t\t<div class=\"elementor-widget-container\">\n\t\t\t\t\t<h2 class=\"elementor-heading-title elementor-size-default\">Cofundador y Gerente Comercial<\/h2>\t\t\t\t<\/div>\n\t\t\t\t<\/div>\n\t\t\t\t<div class=\"elementor-element elementor-element-13ab194 elementor-widget elementor-widget-heading\" data-id=\"13ab194\" data-element_type=\"widget\" data-widget_type=\"heading.default\">\n\t\t\t\t<div class=\"elementor-widget-container\">\n\t\t\t\t\t<h2 class=\"elementor-heading-title elementor-size-default\">Socia fundadora de GRUPEA s.r.l., es la encargada de todos los procesos comerciales\nde venta de la empresa y el v\u00ednculo entre nuestros colaboradores externos (vendedores)\ny nuestros clientes.\nPrepara y promueve junto al equipo de venta las mejores estrategias comerciales para\nel justo posicionamiento de marketing y la venta de nuestros proyectos.<\/h2>\t\t\t\t<\/div>\n\t\t\t\t<\/div>\n\t\t\t\t<\/div>\n\t\t\t\t<\/div>\n\t\t\t\t\t<\/div>\n\t\t\t\t<\/div>\n\t\t<div class=\"elementor-element elementor-element-cd2695a e-flex e-con-boxed e-con e-parent\" data-id=\"cd2695a\" data-element_type=\"container\">\n\t\t\t\t\t<div class=\"e-con-inner\">\n\t\t\t\t<div class=\"elementor-element elementor-element-9706024 elementor-widget-tablet__width-inherit elementor-widget elementor-widget-fokkner_core_button\" data-id=\"9706024\" data-element_type=\"widget\" data-widget_type=\"fokkner_core_button.default\">\n\t\t\t\t<div class=\"elementor-widget-container\">\n\t\t\t\t\t<a class=\"qodef-shortcode qodef-m  qodef-button qodef-layout--outlined  qodef-size--full qodef-html--link\" href=\"https:\/\/grupea.com.do\/es\/new-services\/\" target=\"_self\" data-hover-color=\"#FFFFFF\" data-hover-background-color=\"#000000\" style=\"color: #000000;border-color: #000000\">\n\t<span class=\"qodef-m-text\"> Cont\u00e1ctanos<\/span>\n<\/a>\n\t\t\t\t<\/div>\n\t\t\t\t<\/div>\n\t\t\t\t\t<\/div>\n\t\t\t\t<\/div>\n\t\t\t\t<\/div>","protected":false},"excerpt":{"rendered":"<p>About us Years of experience Units Delivered. Units under construction Upcoming units in Development and Execution GRUEPA \u00b7 Our Identity About Us Our Identity 01 Mission Service-driven development We are a service-driven company committed to solving real-estate development needs by implementing best-in-class design, technology, and evolving systems in the construction industry\u2014always with deep respect for [&hellip;]<\/p>","protected":false},"author":1,"featured_media":0,"parent":0,"menu_order":0,"comment_status":"closed","ping_status":"closed","template":"page-full-width.php","meta":{"footnotes":""},"class_list":["post-5786","page","type-page","status-publish","hentry"],"_links":{"self":[{"href":"https:\/\/grupea.com.do\/es\/wp-json\/wp\/v2\/pages\/5786","targetHints":{"allow":["GET"]}}],"collection":[{"href":"https:\/\/grupea.com.do\/es\/wp-json\/wp\/v2\/pages"}],"about":[{"href":"https:\/\/grupea.com.do\/es\/wp-json\/wp\/v2\/types\/page"}],"author":[{"embeddable":true,"href":"https:\/\/grupea.com.do\/es\/wp-json\/wp\/v2\/users\/1"}],"replies":[{"embeddable":true,"href":"https:\/\/grupea.com.do\/es\/wp-json\/wp\/v2\/comments?post=5786"}],"version-history":[{"count":128,"href":"https:\/\/grupea.com.do\/es\/wp-json\/wp\/v2\/pages\/5786\/revisions"}],"predecessor-version":[{"id":7611,"href":"https:\/\/grupea.com.do\/es\/wp-json\/wp\/v2\/pages\/5786\/revisions\/7611"}],"wp:attachment":[{"href":"https:\/\/grupea.com.do\/es\/wp-json\/wp\/v2\/media?parent=5786"}],"curies":[{"name":"wp","href":"https:\/\/api.w.org\/{rel}","templated":true}]}}