{"id":2438,"date":"2021-05-19T11:20:04","date_gmt":"2021-05-19T11:20:04","guid":{"rendered":"https:\/\/fokkner.qodeinteractive.com\/?page_id=2438"},"modified":"2026-03-03T14:18:27","modified_gmt":"2026-03-03T14:18:27","slug":"blog","status":"publish","type":"page","link":"https:\/\/grupea.com.do\/es\/blog\/","title":{"rendered":"Blog"},"content":{"rendered":"<div data-elementor-type=\"wp-page\" data-elementor-id=\"2438\" class=\"elementor elementor-2438\" data-elementor-post-type=\"page\">\n\t\t\t\t<div class=\"elementor-element elementor-element-0d957f2 e-con-full e-flex e-con e-parent\" data-id=\"0d957f2\" data-element_type=\"container\">\n\t\t\t\t<div class=\"elementor-element elementor-element-969ca69 elementor-widget elementor-widget-image\" data-id=\"969ca69\" data-element_type=\"widget\" data-widget_type=\"image.default\">\n\t\t\t\t<div class=\"elementor-widget-container\">\n\t\t\t\t\t\t\t\t\t\t\t\t\t\t\t<img fetchpriority=\"high\" decoding=\"async\" width=\"2048\" height=\"1126\" src=\"https:\/\/grupea.com.do\/wp-content\/uploads\/2026\/01\/BLOG-Foto-Portada-2-e1767907227946.png\" class=\"attachment-full size-full wp-image-7407\" alt=\"\" srcset=\"https:\/\/grupea.com.do\/wp-content\/uploads\/2026\/01\/BLOG-Foto-Portada-2-e1767907227946.png 2048w, https:\/\/grupea.com.do\/wp-content\/uploads\/2026\/01\/BLOG-Foto-Portada-2-e1767907227946-300x165.png 300w, https:\/\/grupea.com.do\/wp-content\/uploads\/2026\/01\/BLOG-Foto-Portada-2-e1767907227946-1024x563.png 1024w, https:\/\/grupea.com.do\/wp-content\/uploads\/2026\/01\/BLOG-Foto-Portada-2-e1767907227946-768x422.png 768w, https:\/\/grupea.com.do\/wp-content\/uploads\/2026\/01\/BLOG-Foto-Portada-2-e1767907227946-1536x845.png 1536w\" sizes=\"(max-width: 2048px) 100vw, 2048px\" \/>\t\t\t\t\t\t\t\t\t\t\t\t\t\t\t<\/div>\n\t\t\t\t<\/div>\n\t\t\t\t<\/div>\n\t\t\t\t<section class=\"elementor-section elementor-top-section elementor-element elementor-element-f0848b8 elementor-section-boxed elementor-section-height-default elementor-section-height-default qodef-elementor-content-no\" data-id=\"f0848b8\" data-element_type=\"section\">\n\t\t\t\t\t\t<div class=\"elementor-container elementor-column-gap-default\">\n\t\t\t\t\t<div class=\"elementor-column elementor-col-100 elementor-top-column elementor-element elementor-element-39d592f\" data-id=\"39d592f\" data-element_type=\"column\">\n\t\t\t<div class=\"elementor-widget-wrap elementor-element-populated\">\n\t\t\t\t\t\t<div class=\"elementor-element elementor-element-9ceb887 elementor-widget elementor-widget-fokkner_core_blog_list\" data-id=\"9ceb887\" data-element_type=\"widget\" data-widget_type=\"fokkner_core_blog_list.default\">\n\t\t\t\t<div class=\"elementor-widget-container\">\n\t\t\t\t\t<div class=\"qodef-shortcode qodef-m  qodef-blog qodef-item-layout--text-below qodef-hover-animation--enabled qodef-grid qodef-layout--justified-gallery qodef-layout--justified-gallery  qodef-gutter--medium  qodef-item-layout--text-below qodef-pagination--on qodef-pagination-type--standard qodef-responsive--predefined\" data-options=\"{&quot;plugin&quot;:&quot;fokkner_core&quot;,&quot;module&quot;:&quot;blog\\\/shortcodes&quot;,&quot;shortcode&quot;:&quot;blog-list&quot;,&quot;post_type&quot;:&quot;post&quot;,&quot;next_page&quot;:&quot;2&quot;,&quot;max_pages_num&quot;:57,&quot;behavior&quot;:&quot;justified-gallery&quot;,&quot;space&quot;:&quot;medium&quot;,&quot;posts_per_page&quot;:&quot;3&quot;,&quot;orderby&quot;:&quot;date&quot;,&quot;order&quot;:&quot;ASC&quot;,&quot;layout&quot;:&quot;text-below&quot;,&quot;title_tag&quot;:&quot;h4&quot;,&quot;enable_hover_animation&quot;:&quot;yes&quot;,&quot;pagination_type&quot;:&quot;standard&quot;,&quot;object_class_name&quot;:&quot;FokknerCore_Blog_List_Shortcode&quot;,&quot;taxonomy_filter&quot;:&quot;category&quot;,&quot;additional_query_args&quot;:[],&quot;space_value&quot;:20}\">\n\t\t<div class=\"qodef-grid-inner clear\">\n\t\t<article class=\"qodef-e qodef-blog-item qodef-grid-item post-7286 post type-post status-publish format-standard hentry category-uncategorized\">\n\t<div class=\"qodef-e-inner\">\n\t\t<div class=\"qodef-e-media\">\n\t<\/div>\n\t\t<div class=\"qodef-e-content\">\n\t\t\t<div class=\"qodef-e-info qodef-info--top\">\n\t\t\t\t<div itemprop=\"dateCreated\" class=\"qodef-e-info-item qodef-e-info-date entry-date\">\n\t<a itemprop=\"url\" href=\"https:\/\/grupea.com.do\/es\/2025\/06\/\">\n\t\t12 de junio de 2025\t<\/a>\n<\/div>\n\t\t\t<\/div>\n\t\t\t<div class=\"qodef-e-text\">\n\t\t\t\t<h4 itemprop=\"name\" class=\"qodef-e-title entry-title\">\n\t\t\t<a itemprop=\"url\" class=\"qodef-e-title-link\" href=\"https:\/\/grupea.com.do\/es\/2025\/06\/12\/tourism-real-estate-captures-42-of-sector-investment-and-continues-to-grow\/\">\n\t\t\tEl sector inmobiliario tur\u00edstico capta 421.000 millones de TP3 de inversi\u00f3n y sigue creciendo\t\t\t<\/a>\n\t<\/h4>\n\t\t<p itemprop=\"description\" class=\"qodef-e-excerpt\">En los \u00faltimos a\u00f1os, la arquitectura inmobiliaria tur\u00edstica ha experimentado un crecimiento significativo en la Rep\u00fablica Dominicana y se ha consolidado como un pilar clave del desarrollo econ\u00f3mico y del sector de la construcci\u00f3n. Este crecimiento est\u00e1 impulsado por la creciente demanda internacional de destinos de ensue\u00f1o y la inversi\u00f3n sostenida en infraestructura tur\u00edstica. Esta rama de la arquitectura ha evolucionado m\u00e1s all\u00e1 de [\u2026]<\/p>\n\t\t\t\t<\/div>\n\t\t\t<div class=\"qodef-e-info qodef-info--bottom\">\n\t\t\t\t\t<div class=\"qodef-e-read-more\">\n\t\t<a class=\"qodef-shortcode qodef-m  qodef-button qodef-layout--textual   qodef-html--link\" href=\"https:\/\/grupea.com.do\/es\/2025\/06\/12\/tourism-real-estate-captures-42-of-sector-investment-and-continues-to-grow\/\" target=\"_self\"  >\t<span class=\"qodef-m-text\">Read more<\/span><\/a>\t<\/div>\n\t\t\t<\/div>\n\t\t<\/div>\n\t<\/div>\n<\/article>\n<article class=\"qodef-e qodef-blog-item qodef-grid-item post-7278 post type-post status-publish format-standard hentry category-uncategorized\">\n\t<div class=\"qodef-e-inner\">\n\t\t<div class=\"qodef-e-media\">\n\t<\/div>\n\t\t<div class=\"qodef-e-content\">\n\t\t\t<div class=\"qodef-e-info qodef-info--top\">\n\t\t\t\t<div itemprop=\"dateCreated\" class=\"qodef-e-info-item qodef-e-info-date entry-date\">\n\t<a itemprop=\"url\" href=\"https:\/\/grupea.com.do\/es\/2025\/07\/\">\n\t\t3 de julio de 2025\t<\/a>\n<\/div>\n\t\t\t<\/div>\n\t\t\t<div class=\"qodef-e-text\">\n\t\t\t\t<h4 itemprop=\"name\" class=\"qodef-e-title entry-title\">\n\t\t\t<a itemprop=\"url\" class=\"qodef-e-title-link\" href=\"https:\/\/grupea.com.do\/es\/2025\/07\/03\/ai-in-aec-how-artificial-intelligence-is-transforming-the-construction-sector\/\">\n\t\t\tIA en AEC: C\u00f3mo la inteligencia artificial est\u00e1 transformando el sector de la construcci\u00f3n\t\t\t<\/a>\n\t<\/h4>\n\t\t<p itemprop=\"description\" class=\"qodef-e-excerpt\">IA en AEC: C\u00f3mo la inteligencia artificial est\u00e1 transformando el sector de la construcci\u00f3n. Descubra c\u00f3mo la IA est\u00e1 revolucionando la industria AEC. La eficiencia, la seguridad y la creatividad est\u00e1n mejorando gracias a la inteligencia artificial y BIM. Por el Equipo Editorial \/ 3 de julio de 2025. La inteligencia artificial (IA) est\u00e1 revolucionando el sector AEC (Arquitectura, Ingenier\u00eda y Construcci\u00f3n), transformando la forma en que los edificios...<\/p>\n\t\t\t\t<\/div>\n\t\t\t<div class=\"qodef-e-info qodef-info--bottom\">\n\t\t\t\t\t<div class=\"qodef-e-read-more\">\n\t\t<a class=\"qodef-shortcode qodef-m  qodef-button qodef-layout--textual   qodef-html--link\" href=\"https:\/\/grupea.com.do\/es\/2025\/07\/03\/ai-in-aec-how-artificial-intelligence-is-transforming-the-construction-sector\/\" target=\"_self\"  >\t<span class=\"qodef-m-text\">Read more<\/span><\/a>\t<\/div>\n\t\t\t<\/div>\n\t\t<\/div>\n\t<\/div>\n<\/article>\n<article class=\"qodef-e qodef-blog-item qodef-grid-item post-7270 post type-post status-publish format-standard hentry category-uncategorized\">\n\t<div class=\"qodef-e-inner\">\n\t\t<div class=\"qodef-e-media\">\n\t<\/div>\n\t\t<div class=\"qodef-e-content\">\n\t\t\t<div class=\"qodef-e-info qodef-info--top\">\n\t\t\t\t<div itemprop=\"dateCreated\" class=\"qodef-e-info-item qodef-e-info-date entry-date\">\n\t<a itemprop=\"url\" href=\"https:\/\/grupea.com.do\/es\/2025\/10\/\">\n\t\t31 de octubre de 2025\t<\/a>\n<\/div>\n\t\t\t<\/div>\n\t\t\t<div class=\"qodef-e-text\">\n\t\t\t\t<h4 itemprop=\"name\" class=\"qodef-e-title entry-title\">\n\t\t\t<a itemprop=\"url\" class=\"qodef-e-title-link\" href=\"https:\/\/grupea.com.do\/es\/2025\/10\/31\/central-bank-cuts-its-interest-rate-to-5-25-per-year-2\/\">\n\t\t\tDise\u00f1o interior y exterior: C\u00f3mo integrar espacios interiores y exteriores para un dise\u00f1o fluido y conectado\t\t\t<\/a>\n\t<\/h4>\n\t\t<p itemprop=\"description\" class=\"qodef-e-excerpt\">Descubra los principios fundamentales del dise\u00f1o de interiores y exteriores para crear espacios armoniosos que conecten el interior y el exterior con estilo y funcionalidad. Por el Equipo Editorial \/ 31 de octubre de 2025. El dise\u00f1o de interiores y exteriores se ha convertido en un enfoque clave para integrar a la perfecci\u00f3n los espacios interiores y exteriores, creando entornos continuos y funcionales en armon\u00eda con la naturaleza. [\u2026]<\/p>\n\t\t\t\t<\/div>\n\t\t\t<div class=\"qodef-e-info qodef-info--bottom\">\n\t\t\t\t\t<div class=\"qodef-e-read-more\">\n\t\t<a class=\"qodef-shortcode qodef-m  qodef-button qodef-layout--textual   qodef-html--link\" href=\"https:\/\/grupea.com.do\/es\/2025\/10\/31\/central-bank-cuts-its-interest-rate-to-5-25-per-year-2\/\" target=\"_self\"  >\t<span class=\"qodef-m-text\">Read more<\/span><\/a>\t<\/div>\n\t\t\t<\/div>\n\t\t<\/div>\n\t<\/div>\n<\/article>\n\t<\/div>\n\t\t<div class=\"qodef-m-pagination qodef--standard\">\n\t\t<div class=\"qodef-m-pagination-inner\">\n\t\t\t<nav class=\"qodef-m-pagination-items\" role=\"navigation\">\n\t\t\t\t<a class=\"qodef-m-pagination-item qodef--prev\" href=\"#\" data-paged=\"1\">\n\t\t\t\t\t<svg class=\"qodef-m-pagination-icon\" xmlns=\"http:\/\/www.w3.org\/2000\/svg\" xmlns:xlink=\"http:\/\/www.w3.org\/1999\/xlink\" width=\"32\" height=\"32\" viewbox=\"0 0 32 32\"><g><path d=\"M 12.3,17.71l 6.486,6.486c 0.39,0.39, 1.024,0.39, 1.414,0c 0.39-0.39, 0.39-1.024,0-1.414L 14.418,17 L 20.2,11.218c 0.39-0.39, 0.39-1.024,0-1.414c-0.39-0.39-1.024-0.39-1.414,0L 12.3,16.29C 12.104,16.486, 12.008,16.742, 12.008,17 C 12.008,17.258, 12.104,17.514, 12.3,17.71z\"><\/path><\/g><\/svg>\t\t\t\t<\/a>\n\t\t\t\t\t\t\t\t\t<a class=\"qodef-m-pagination-item qodef--number qodef--number-1 qodef--active\" href=\"#\" data-paged=\"1\"> 1<\/a>\n\t\t\t\t\t\t\t\t\t<a class=\"qodef-m-pagination-item qodef--number qodef--number-2\" href=\"#\" data-paged=\"2\"> 2<\/a>\n\t\t\t\t\t\t\t\t\t<a class=\"qodef-m-pagination-item qodef--number qodef--number-3\" href=\"#\" data-paged=\"3\"> 3<\/a>\n\t\t\t\t\t\t\t\t\t<a class=\"qodef-m-pagination-item qodef--number qodef--number-4\" href=\"#\" data-paged=\"4\"> 4<\/a>\n\t\t\t\t\t\t\t\t\t<a class=\"qodef-m-pagination-item qodef--number qodef--number-5\" href=\"#\" data-paged=\"5\"> 5<\/a>\n\t\t\t\t\t\t\t\t\t<a class=\"qodef-m-pagination-item qodef--number qodef--number-6\" href=\"#\" data-paged=\"6\"> 6<\/a>\n\t\t\t\t\t\t\t\t\t<a class=\"qodef-m-pagination-item qodef--number qodef--number-7\" href=\"#\" data-paged=\"7\"> 7<\/a>\n\t\t\t\t\t\t\t\t\t<a class=\"qodef-m-pagination-item qodef--number qodef--number-8\" href=\"#\" data-paged=\"8\"> 8<\/a>\n\t\t\t\t\t\t\t\t\t<a class=\"qodef-m-pagination-item qodef--number qodef--number-9\" href=\"#\" data-paged=\"9\"> 9<\/a>\n\t\t\t\t\t\t\t\t\t<a class=\"qodef-m-pagination-item qodef--number qodef--number-10\" href=\"#\" data-paged=\"10\">10<\/a>\n\t\t\t\t\t\t\t\t\t<a class=\"qodef-m-pagination-item qodef--number qodef--number-11\" href=\"#\" data-paged=\"11\">11<\/a>\n\t\t\t\t\t\t\t\t\t<a class=\"qodef-m-pagination-item qodef--number qodef--number-12\" href=\"#\" data-paged=\"12\">12<\/a>\n\t\t\t\t\t\t\t\t\t<a class=\"qodef-m-pagination-item qodef--number qodef--number-13\" href=\"#\" data-paged=\"13\">13<\/a>\n\t\t\t\t\t\t\t\t\t<a class=\"qodef-m-pagination-item qodef--number qodef--number-14\" href=\"#\" data-paged=\"14\">14<\/a>\n\t\t\t\t\t\t\t\t\t<a class=\"qodef-m-pagination-item qodef--number qodef--number-15\" href=\"#\" data-paged=\"15\">15<\/a>\n\t\t\t\t\t\t\t\t\t<a class=\"qodef-m-pagination-item qodef--number qodef--number-16\" href=\"#\" data-paged=\"16\">16<\/a>\n\t\t\t\t\t\t\t\t\t<a class=\"qodef-m-pagination-item qodef--number qodef--number-17\" href=\"#\" data-paged=\"17\">17<\/a>\n\t\t\t\t\t\t\t\t\t<a class=\"qodef-m-pagination-item qodef--number qodef--number-18\" href=\"#\" data-paged=\"18\">18<\/a>\n\t\t\t\t\t\t\t\t\t<a class=\"qodef-m-pagination-item qodef--number qodef--number-19\" href=\"#\" data-paged=\"19\">19<\/a>\n\t\t\t\t\t\t\t\t\t<a class=\"qodef-m-pagination-item qodef--number qodef--number-20\" href=\"#\" data-paged=\"20\">20<\/a>\n\t\t\t\t\t\t\t\t\t<a class=\"qodef-m-pagination-item qodef--number qodef--number-21\" href=\"#\" data-paged=\"21\">21<\/a>\n\t\t\t\t\t\t\t\t\t<a class=\"qodef-m-pagination-item qodef--number qodef--number-22\" href=\"#\" data-paged=\"22\">22<\/a>\n\t\t\t\t\t\t\t\t\t<a class=\"qodef-m-pagination-item qodef--number qodef--number-23\" href=\"#\" data-paged=\"23\">23<\/a>\n\t\t\t\t\t\t\t\t\t<a class=\"qodef-m-pagination-item qodef--number qodef--number-24\" href=\"#\" data-paged=\"24\">24<\/a>\n\t\t\t\t\t\t\t\t\t<a class=\"qodef-m-pagination-item qodef--number qodef--number-25\" href=\"#\" data-paged=\"25\">25<\/a>\n\t\t\t\t\t\t\t\t\t<a class=\"qodef-m-pagination-item qodef--number qodef--number-26\" href=\"#\" data-paged=\"26\">26<\/a>\n\t\t\t\t\t\t\t\t\t<a class=\"qodef-m-pagination-item qodef--number qodef--number-27\" href=\"#\" data-paged=\"27\">27<\/a>\n\t\t\t\t\t\t\t\t\t<a class=\"qodef-m-pagination-item qodef--number qodef--number-28\" href=\"#\" data-paged=\"28\">28<\/a>\n\t\t\t\t\t\t\t\t\t<a class=\"qodef-m-pagination-item qodef--number qodef--number-29\" href=\"#\" data-paged=\"29\">29<\/a>\n\t\t\t\t\t\t\t\t\t<a class=\"qodef-m-pagination-item qodef--number qodef--number-30\" href=\"#\" data-paged=\"30\">30<\/a>\n\t\t\t\t\t\t\t\t\t<a class=\"qodef-m-pagination-item qodef--number qodef--number-31\" href=\"#\" data-paged=\"31\">31<\/a>\n\t\t\t\t\t\t\t\t\t<a class=\"qodef-m-pagination-item qodef--number qodef--number-32\" href=\"#\" data-paged=\"32\">32<\/a>\n\t\t\t\t\t\t\t\t\t<a class=\"qodef-m-pagination-item qodef--number qodef--number-33\" href=\"#\" data-paged=\"33\">33<\/a>\n\t\t\t\t\t\t\t\t\t<a class=\"qodef-m-pagination-item qodef--number qodef--number-34\" href=\"#\" data-paged=\"34\">34<\/a>\n\t\t\t\t\t\t\t\t\t<a class=\"qodef-m-pagination-item qodef--number qodef--number-35\" href=\"#\" data-paged=\"35\">35<\/a>\n\t\t\t\t\t\t\t\t\t<a class=\"qodef-m-pagination-item qodef--number qodef--number-36\" href=\"#\" data-paged=\"36\">36<\/a>\n\t\t\t\t\t\t\t\t\t<a class=\"qodef-m-pagination-item qodef--number qodef--number-37\" href=\"#\" data-paged=\"37\">37<\/a>\n\t\t\t\t\t\t\t\t\t<a class=\"qodef-m-pagination-item qodef--number qodef--number-38\" href=\"#\" data-paged=\"38\">38<\/a>\n\t\t\t\t\t\t\t\t\t<a class=\"qodef-m-pagination-item qodef--number qodef--number-39\" href=\"#\" data-paged=\"39\">39<\/a>\n\t\t\t\t\t\t\t\t\t<a class=\"qodef-m-pagination-item qodef--number qodef--number-40\" href=\"#\" data-paged=\"40\">40<\/a>\n\t\t\t\t\t\t\t\t\t<a class=\"qodef-m-pagination-item qodef--number qodef--number-41\" href=\"#\" data-paged=\"41\">41<\/a>\n\t\t\t\t\t\t\t\t\t<a class=\"qodef-m-pagination-item qodef--number qodef--number-42\" href=\"#\" data-paged=\"42\">42<\/a>\n\t\t\t\t\t\t\t\t\t<a class=\"qodef-m-pagination-item qodef--number qodef--number-43\" href=\"#\" data-paged=\"43\">43<\/a>\n\t\t\t\t\t\t\t\t\t<a class=\"qodef-m-pagination-item qodef--number qodef--number-44\" href=\"#\" data-paged=\"44\">44<\/a>\n\t\t\t\t\t\t\t\t\t<a class=\"qodef-m-pagination-item qodef--number qodef--number-45\" href=\"#\" data-paged=\"45\">45<\/a>\n\t\t\t\t\t\t\t\t\t<a class=\"qodef-m-pagination-item qodef--number qodef--number-46\" href=\"#\" data-paged=\"46\">46<\/a>\n\t\t\t\t\t\t\t\t\t<a class=\"qodef-m-pagination-item qodef--number qodef--number-47\" href=\"#\" data-paged=\"47\">47<\/a>\n\t\t\t\t\t\t\t\t\t<a class=\"qodef-m-pagination-item qodef--number qodef--number-48\" href=\"#\" data-paged=\"48\">48<\/a>\n\t\t\t\t\t\t\t\t\t<a class=\"qodef-m-pagination-item qodef--number qodef--number-49\" href=\"#\" data-paged=\"49\">49<\/a>\n\t\t\t\t\t\t\t\t\t<a class=\"qodef-m-pagination-item qodef--number qodef--number-50\" href=\"#\" data-paged=\"50\">50<\/a>\n\t\t\t\t\t\t\t\t\t<a class=\"qodef-m-pagination-item qodef--number qodef--number-51\" href=\"#\" data-paged=\"51\">51<\/a>\n\t\t\t\t\t\t\t\t\t<a class=\"qodef-m-pagination-item qodef--number qodef--number-52\" href=\"#\" data-paged=\"52\">52<\/a>\n\t\t\t\t\t\t\t\t\t<a class=\"qodef-m-pagination-item qodef--number qodef--number-53\" href=\"#\" data-paged=\"53\">53<\/a>\n\t\t\t\t\t\t\t\t\t<a class=\"qodef-m-pagination-item qodef--number qodef--number-54\" href=\"#\" data-paged=\"54\">54<\/a>\n\t\t\t\t\t\t\t\t\t<a class=\"qodef-m-pagination-item qodef--number qodef--number-55\" href=\"#\" data-paged=\"55\">55<\/a>\n\t\t\t\t\t\t\t\t\t<a class=\"qodef-m-pagination-item qodef--number qodef--number-56\" href=\"#\" data-paged=\"56\">56<\/a>\n\t\t\t\t\t\t\t\t\t<a class=\"qodef-m-pagination-item qodef--number qodef--number-57\" href=\"#\" data-paged=\"57\">57<\/a>\n\t\t\t\t\t\t\t\t<a class=\"qodef-m-pagination-item qodef--next\" href=\"#\" data-paged=\"2\">\n\t\t\t\t\t<svg class=\"qodef-m-pagination-icon\" xmlns=\"http:\/\/www.w3.org\/2000\/svg\" xmlns:xlink=\"http:\/\/www.w3.org\/1999\/xlink\" width=\"32\" height=\"32\" viewbox=\"0 0 32 32\"><g><path d=\"M 13.8,24.196c 0.39,0.39, 1.024,0.39, 1.414,0l 6.486-6.486c 0.196-0.196, 0.294-0.454, 0.292-0.71 c0-0.258-0.096-0.514-0.292-0.71L 15.214,9.804c-0.39-0.39-1.024-0.39-1.414,0c-0.39,0.39-0.39,1.024,0,1.414L 19.582,17 L 13.8,22.782C 13.41,23.172, 13.41,23.806, 13.8,24.196z\"><\/path><\/g><\/svg>\t\t\t\t<\/a>\n\t\t\t<\/nav>\n\t\t<\/div>\n\t<\/div>\n\t<svg class=\"qodef-m-pagination-spinner\" xmlns=\"http:\/\/www.w3.org\/2000\/svg\" width=\"512\" height=\"512\" viewbox=\"0 0 512 512\"><path d=\"M304 48c0 26.51-21.49 48-48 48s-48-21.49-48-48 21.49-48 48-48 48 21.49 48 48zm-48 368c-26.51 0-48 21.49-48 48s21.49 48 48 48 48-21.49 48-48-21.49-48-48-48zm208-208c-26.51 0-48 21.49-48 48s21.49 48 48 48 48-21.49 48-48-21.49-48-48-48zM96 256c0-26.51-21.49-48-48-48S0 229.49 0 256s21.49 48 48 48 48-21.49 48-48zm12.922 99.078c-26.51 0-48 21.49-48 48s21.49 48 48 48 48-21.49 48-48c0-26.509-21.491-48-48-48zm294.156 0c-26.51 0-48 21.49-48 48s21.49 48 48 48 48-21.49 48-48c0-26.509-21.49-48-48-48zM108.922 60.922c-26.51 0-48 21.49-48 48s21.49 48 48 48 48-21.49 48-48-21.491-48-48-48z\"><\/path><\/svg><\/div>\n\t\t\t\t<\/div>\n\t\t\t\t<\/div>\n\t\t\t\t\t<\/div>\n\t\t<\/div>\n\t\t\t\t\t<\/div>\n\t\t<\/section>\n\t\t\t\t<\/div>","protected":false},"excerpt":{"rendered":"<p>June 12, 2025 Tourism real estate captures 42% of sector investment and continues to grow In recent years, tourism real estate architecture has experienced significant growth in the Dominican Republic and has consolidated itself as a key pillar of economic development and of the construction sector. This growth is driven by rising international demand for [&hellip;]<\/p>","protected":false},"author":1,"featured_media":0,"parent":0,"menu_order":0,"comment_status":"closed","ping_status":"closed","template":"page-full-width.php","meta":{"footnotes":""},"class_list":["post-2438","page","type-page","status-publish","hentry"],"_links":{"self":[{"href":"https:\/\/grupea.com.do\/es\/wp-json\/wp\/v2\/pages\/2438","targetHints":{"allow":["GET"]}}],"collection":[{"href":"https:\/\/grupea.com.do\/es\/wp-json\/wp\/v2\/pages"}],"about":[{"href":"https:\/\/grupea.com.do\/es\/wp-json\/wp\/v2\/types\/page"}],"author":[{"embeddable":true,"href":"https:\/\/grupea.com.do\/es\/wp-json\/wp\/v2\/users\/1"}],"replies":[{"embeddable":true,"href":"https:\/\/grupea.com.do\/es\/wp-json\/wp\/v2\/comments?post=2438"}],"version-history":[{"count":46,"href":"https:\/\/grupea.com.do\/es\/wp-json\/wp\/v2\/pages\/2438\/revisions"}],"predecessor-version":[{"id":7857,"href":"https:\/\/grupea.com.do\/es\/wp-json\/wp\/v2\/pages\/2438\/revisions\/7857"}],"wp:attachment":[{"href":"https:\/\/grupea.com.do\/es\/wp-json\/wp\/v2\/media?parent=2438"}],"curies":[{"name":"wp","href":"https:\/\/api.w.org\/{rel}","templated":true}]}}